{"id":789,"date":"2019-05-15T13:35:55","date_gmt":"2019-05-15T11:35:55","guid":{"rendered":"http:\/\/www.seniorenberatungsstelle-vortaunus.de\/?page_id=789"},"modified":"2024-10-01T11:21:54","modified_gmt":"2024-10-01T09:21:54","slug":"hinweise-rund-um-die-sicherheit-ihres-eigentums","status":"publish","type":"page","link":"https:\/\/www.seniorenberatungsstelle-vortaunus.de\/?page_id=789","title":{"rendered":"Hinweise rund um die Sicherheit Ihres Eigentums"},"content":{"rendered":"\r\n<figure class=\"wp-block-image is-resized\"><img loading=\"lazy\" decoding=\"async\" class=\"wp-image-783\" src=\"http:\/\/www.seniorenberatungsstelle-vortaunus.de\/wp-content\/uploads\/2019\/05\/K_Einbruch2-1024x374.jpg\" alt=\"Tipps zur Einbruchsicherheit\" width=\"768\" height=\"281\" srcset=\"https:\/\/www.seniorenberatungsstelle-vortaunus.de\/wp-content\/uploads\/2019\/05\/K_Einbruch2-1024x374.jpg 1024w, https:\/\/www.seniorenberatungsstelle-vortaunus.de\/wp-content\/uploads\/2019\/05\/K_Einbruch2-300x110.jpg 300w, https:\/\/www.seniorenberatungsstelle-vortaunus.de\/wp-content\/uploads\/2019\/05\/K_Einbruch2-768x281.jpg 768w, https:\/\/www.seniorenberatungsstelle-vortaunus.de\/wp-content\/uploads\/2019\/05\/K_Einbruch2.jpg 1899w\" sizes=\"auto, (max-width: 768px) 100vw, 768px\" \/>\r\n<figcaption>Quelle: <strong><span style=\"color: #3366ff;\"><a style=\"color: #3366ff;\" href=\"https:\/\/www.k-einbruch.de\/\" target=\"_blank\" rel=\"noopener noreferrer\">https:\/\/www.k-einbruch.de\/<\/a><\/span><\/strong><\/figcaption>\r\n<\/figure>\r\n\r\n\r\n\r\n<p>Sie m\u00f6chten sich \u00fcber diverse M\u00f6glichkeiten informieren, wie sie Einbr\u00fcchen vorbeugen bzw. wie Sie sich im Falle eines Einbruchs verhalten k\u00f6nnen? <br \/><br \/>Auf der Seite <span style=\"color: #3366ff;\"><strong><a style=\"color: #3366ff;\" href=\"https:\/\/www.k-einbruch.de\/\" target=\"_blank\" rel=\"noopener\">https:\/\/www.k-einbruch.de\/<\/a><\/strong><\/span> finden Sie ein umfassendes Portal der Abteilung Pr\u00e4vention und Sicherheit der Polizeidienstellen in Deutschland.<\/p>\r\n\r\n\r\n\r\n<p>Informieren Sie sich also \u00fcber die folgenden Themen:<\/p>\r\n\r\n\r\n\r\n<ul class=\"wp-block-list\">\r\n<li><span style=\"color: #3366ff;\"><a style=\"color: #3366ff;\" href=\"https:\/\/www.k-einbruch.de\/sicherheitstipps\/\" target=\"_blank\" rel=\"noopener noreferrer\"><strong>Sicherheitstipps<\/strong> <\/a><\/span><\/li>\r\n<li><span style=\"color: #3366ff;\"><a style=\"color: #3366ff;\" href=\"https:\/\/www.k-einbruch.de\/sicherheitstipps\/interaktives-haus\/\" target=\"_blank\" rel=\"noopener noreferrer\"><strong>Interaktives Haus<\/strong><\/a><\/span><\/li>\r\n<li><span style=\"color: #3366ff;\"><strong><a style=\"color: #3366ff;\" href=\"https:\/\/www.k-einbruch.de\/sicherheitstipps\/fenster\/\" target=\"_blank\" rel=\"noopener noreferrer\">Fenster,<\/a> <\/strong><a style=\"color: #3366ff;\" href=\"https:\/\/www.k-einbruch.de\/sicherheitstipps\/tueren\/\"><strong>T\u00fcren<\/strong><\/a><\/span><\/li>\r\n<li><span style=\"color: #3366ff;\"><a style=\"color: #3366ff;\" href=\"https:\/\/www.k-einbruch.de\/sicherheitstipps\/tueren\/\" target=\"_blank\" rel=\"noopener noreferrer\"><strong>Alarmanlagen<\/strong><\/a><\/span><\/li>\r\n<li><span style=\"color: #3366ff;\"><a style=\"color: #3366ff;\" href=\"https:\/\/www.k-einbruch.de\/sicherheitstipps\/roll-und-klapplaeden\/\" target=\"_blank\" rel=\"noopener noreferrer\"><strong>Roll- und Klappl\u00e4den<\/strong> <\/a><\/span><\/li>\r\n<li><span style=\"color: #3366ff;\"><a style=\"color: #3366ff;\" href=\"https:\/\/www.k-einbruch.de\/sicherheitstipps\/grundstueck\/\" target=\"_blank\" rel=\"noopener noreferrer\"><strong>Grundst\u00fcck<\/strong><\/a><\/span><\/li>\r\n<li><span style=\"color: #3366ff;\"><a style=\"color: #3366ff;\" href=\"https:\/\/www.k-einbruch.de\/sicherheitstipps\/garage\/\" target=\"_blank\" rel=\"noopener noreferrer\"><strong>Garage<\/strong><\/a> und <a style=\"color: #3366ff;\" href=\"https:\/\/www.k-einbruch.de\/sicherheitstipps\/fahrzeuge\/\" target=\"_blank\" rel=\"noopener noreferrer\"><strong>Fahrzeug<\/strong><\/a><\/span><\/li>\r\n<li><span style=\"color: #3366ff;\"><strong><a style=\"color: #3366ff;\" href=\"https:\/\/www.k-einbruch.de\/sicherheitstipps\/roll-und-klapplaeden\/\" target=\"_blank\" rel=\"noopener noreferrer\">Smart<\/a> Home<\/strong><\/span><\/li>\r\n<li><span style=\"color: #3366ff;\"><a style=\"color: #3366ff;\" href=\"https:\/\/www.k-einbruch.de\/sicherheitstipps\/wertsachen\/\" target=\"_blank\" rel=\"noopener noreferrer\"><strong>Wertsachen<\/strong> <\/a><\/span><\/li>\r\n<li><strong><a href=\"https:\/\/www.k-einbruch.de\/sicherheitstipps\/verhaltensregeln\/\" target=\"_blank\" rel=\"noopener noreferrer\"><span style=\"color: #3366ff;\">Verhaltensregeln<\/span><\/a><\/strong><\/li>\r\n<\/ul>\r\n","protected":false},"excerpt":{"rendered":"<p>Sie m\u00f6chten sich \u00fcber diverse M\u00f6glichkeiten informieren, wie sie Einbr\u00fcchen vorbeugen bzw. wie Sie sich im Falle eines Einbruchs verhalten k\u00f6nnen? Auf der Seite https:\/\/www.k-einbruch.de\/ finden Sie ein umfassendes Portal der Abteilung Pr\u00e4vention und Sicherheit der Polizeidienstellen in Deutschland. Informieren Sie sich also \u00fcber die folgenden Themen: Sicherheitstipps Interaktives Haus Fenster, T\u00fcren Alarmanlagen Roll- und [&hellip;]<\/p>\n","protected":false},"author":2,"featured_media":0,"parent":435,"menu_order":0,"comment_status":"closed","ping_status":"closed","template":"","meta":{"footnotes":""},"class_list":["post-789","page","type-page","status-publish","hentry"],"_links":{"self":[{"href":"https:\/\/www.seniorenberatungsstelle-vortaunus.de\/index.php?rest_route=\/wp\/v2\/pages\/789","targetHints":{"allow":["GET"]}}],"collection":[{"href":"https:\/\/www.seniorenberatungsstelle-vortaunus.de\/index.php?rest_route=\/wp\/v2\/pages"}],"about":[{"href":"https:\/\/www.seniorenberatungsstelle-vortaunus.de\/index.php?rest_route=\/wp\/v2\/types\/page"}],"author":[{"embeddable":true,"href":"https:\/\/www.seniorenberatungsstelle-vortaunus.de\/index.php?rest_route=\/wp\/v2\/users\/2"}],"replies":[{"embeddable":true,"href":"https:\/\/www.seniorenberatungsstelle-vortaunus.de\/index.php?rest_route=%2Fwp%2Fv2%2Fcomments&post=789"}],"version-history":[{"count":12,"href":"https:\/\/www.seniorenberatungsstelle-vortaunus.de\/index.php?rest_route=\/wp\/v2\/pages\/789\/revisions"}],"predecessor-version":[{"id":1293,"href":"https:\/\/www.seniorenberatungsstelle-vortaunus.de\/index.php?rest_route=\/wp\/v2\/pages\/789\/revisions\/1293"}],"up":[{"embeddable":true,"href":"https:\/\/www.seniorenberatungsstelle-vortaunus.de\/index.php?rest_route=\/wp\/v2\/pages\/435"}],"wp:attachment":[{"href":"https:\/\/www.seniorenberatungsstelle-vortaunus.de\/index.php?rest_route=%2Fwp%2Fv2%2Fmedia&parent=789"}],"curies":[{"name":"wp","href":"https:\/\/api.w.org\/{rel}","templated":true}]}}