{"id":610,"date":"2017-10-04T11:22:39","date_gmt":"2017-10-04T09:22:39","guid":{"rendered":"http:\/\/www.seniorenberatungsstelle-vortaunus.de\/?page_id=610"},"modified":"2024-10-01T11:20:54","modified_gmt":"2024-10-01T09:20:54","slug":"psychotherapie","status":"publish","type":"page","link":"https:\/\/www.seniorenberatungsstelle-vortaunus.de\/?page_id=610","title":{"rendered":"Psychologische Beratung"},"content":{"rendered":"<h2>Therapeutensuche und Informationen zur Psychotherapie<\/h2>\n<p>Wer unter psychischen Problemen leidet, w\u00fcnscht sich vor allem eins: Schnell und kompetent Unterst\u00fctzung bei der Linderung seiner Erkrankung und bei der L\u00f6sung seiner Probleme zu erhalten. Die Seite Therapie.de hilft Ihnen, den f\u00fcr Sie geeigneten und fachlich qualifizierten Therapeuten zu finden.<b> <\/b><\/p>\n<p>Nach der neuen Psychotherapie-Richtlinie m\u00fcssen psychologische und \u00e4rztliche Psychotherapeuten in Zukunft psychotherapeutische Sprechstunden sowie eine Akutbehandlung als Hilfestellung bei akuten psychischen Krisen anbieten und telefonisch in einem bestimmten Zeitfenster pro Woche erreichbar sein.<\/p>\n<p>Krankenkassen \u00fcbernehmen die gesamten Behandlungskosten, sofern es sich um eine psychische St\u00f6rung mit &#8222;Krankheitswert&#8220; handelt. Dazu geh\u00f6ren u.a.:<\/p>\n<ul>\n<li>Angstst\u00f6rungen<\/li>\n<li>Depressionen<\/li>\n<li>Essst\u00f6rungen<\/li>\n<li>Pers\u00f6nlichkeitsst\u00f6rungen<\/li>\n<li>psychosomatische St\u00f6rungen<\/li>\n<li>S\u00fcchte<\/li>\n<li>Verhaltensst\u00f6rungen<\/li>\n<li>Zwangsst\u00f6rungen<\/li>\n<\/ul>\n<p>&nbsp;<\/p>\n<p><strong><a href=\"https:\/\/www.therapie.de\/psychotherapie\/\" target=\"_blank\" rel=\"noopener noreferrer\"><span style=\"color: #3366ff;\">Hier<\/span><\/a> <\/strong>nun gelangen Sie zur Therapeutensuche der Seite<span style=\"color: #3366ff;\"><a href=\"https:\/\/www.therapie.de\/psychotherapie\/\" target=\"_blank\" rel=\"noopener noreferrer\"><span style=\"color: #3366ff;\"><strong> www.therapie.de<\/strong><\/span><\/a><\/span><\/p>\n<p>&nbsp;<\/p>\n<h2>Telefonseelsorge<\/h2>\n<p>Hier finden Sie weiterf\u00fchrende Information der Telefonseelsorge, die 24 Stunden an 7 Tagen der Woche erreichbar ist: <a href=\"https:\/\/www.telefonseelsorge.de\/\" target=\"_blank\" rel=\"noopener noreferrer\"><strong><span style=\"color: #3366ff;\">www.telefonseelsorge.de<\/span><\/strong><\/a><\/p>\n","protected":false},"excerpt":{"rendered":"<p>Therapeutensuche und Informationen zur Psychotherapie Wer unter psychischen Problemen leidet, w\u00fcnscht sich vor allem eins: Schnell und kompetent Unterst\u00fctzung bei der Linderung seiner Erkrankung und bei der L\u00f6sung seiner Probleme zu erhalten. Die Seite Therapie.de hilft Ihnen, den f\u00fcr Sie geeigneten und fachlich qualifizierten Therapeuten zu finden. Nach der neuen Psychotherapie-Richtlinie m\u00fcssen psychologische und \u00e4rztliche [&hellip;]<\/p>\n","protected":false},"author":2,"featured_media":0,"parent":12,"menu_order":0,"comment_status":"closed","ping_status":"closed","template":"","meta":{"footnotes":""},"class_list":["post-610","page","type-page","status-publish","hentry"],"_links":{"self":[{"href":"https:\/\/www.seniorenberatungsstelle-vortaunus.de\/index.php?rest_route=\/wp\/v2\/pages\/610","targetHints":{"allow":["GET"]}}],"collection":[{"href":"https:\/\/www.seniorenberatungsstelle-vortaunus.de\/index.php?rest_route=\/wp\/v2\/pages"}],"about":[{"href":"https:\/\/www.seniorenberatungsstelle-vortaunus.de\/index.php?rest_route=\/wp\/v2\/types\/page"}],"author":[{"embeddable":true,"href":"https:\/\/www.seniorenberatungsstelle-vortaunus.de\/index.php?rest_route=\/wp\/v2\/users\/2"}],"replies":[{"embeddable":true,"href":"https:\/\/www.seniorenberatungsstelle-vortaunus.de\/index.php?rest_route=%2Fwp%2Fv2%2Fcomments&post=610"}],"version-history":[{"count":19,"href":"https:\/\/www.seniorenberatungsstelle-vortaunus.de\/index.php?rest_route=\/wp\/v2\/pages\/610\/revisions"}],"predecessor-version":[{"id":1292,"href":"https:\/\/www.seniorenberatungsstelle-vortaunus.de\/index.php?rest_route=\/wp\/v2\/pages\/610\/revisions\/1292"}],"up":[{"embeddable":true,"href":"https:\/\/www.seniorenberatungsstelle-vortaunus.de\/index.php?rest_route=\/wp\/v2\/pages\/12"}],"wp:attachment":[{"href":"https:\/\/www.seniorenberatungsstelle-vortaunus.de\/index.php?rest_route=%2Fwp%2Fv2%2Fmedia&parent=610"}],"curies":[{"name":"wp","href":"https:\/\/api.w.org\/{rel}","templated":true}]}}