{"id":6,"date":"2013-10-24T18:02:15","date_gmt":"2013-10-24T16:02:15","guid":{"rendered":"http:\/\/www.seniorenberatungsstelle-vortaunus.de\/wp\/?page_id=6"},"modified":"2026-01-06T13:18:08","modified_gmt":"2026-01-06T11:18:08","slug":"startseite","status":"publish","type":"page","link":"https:\/\/www.seniorenberatungsstelle-vortaunus.de\/","title":{"rendered":"Startseite"},"content":{"rendered":"<div id=\"attachment_1218\" style=\"width: 310px\" class=\"wp-caption alignright\"><a href=\"https:\/\/www.seniorenberatungsstelle-vortaunus.de\/wp-content\/uploads\/2023\/12\/20231018_122340-1.jpg\"><img loading=\"lazy\" decoding=\"async\" aria-describedby=\"caption-attachment-1218\" class=\"wp-image-1218 size-medium\" src=\"https:\/\/www.seniorenberatungsstelle-vortaunus.de\/wp-content\/uploads\/2023\/12\/20231018_122340-1-300x225.jpg\" alt=\"\" width=\"300\" height=\"225\" srcset=\"https:\/\/www.seniorenberatungsstelle-vortaunus.de\/wp-content\/uploads\/2023\/12\/20231018_122340-1-300x225.jpg 300w, https:\/\/www.seniorenberatungsstelle-vortaunus.de\/wp-content\/uploads\/2023\/12\/20231018_122340-1-1024x768.jpg 1024w, https:\/\/www.seniorenberatungsstelle-vortaunus.de\/wp-content\/uploads\/2023\/12\/20231018_122340-1-768x576.jpg 768w, https:\/\/www.seniorenberatungsstelle-vortaunus.de\/wp-content\/uploads\/2023\/12\/20231018_122340-1-1536x1151.jpg 1536w, https:\/\/www.seniorenberatungsstelle-vortaunus.de\/wp-content\/uploads\/2023\/12\/20231018_122340-1.jpg 2048w\" sizes=\"auto, (max-width: 300px) 100vw, 300px\" \/><\/a><p id=\"caption-attachment-1218\" class=\"wp-caption-text\">Fr. Heckerle, Fr. Brockmann, Hr. Niemitz<\/p><\/div>\n<p style=\"text-align: justify;\"><strong>Herzlich Willkommen auf der Seite der Seniorenberatungsstelle Vortaunus<\/strong><\/p>\n<p>&nbsp;<\/p>\n<p style=\"text-align: justify;\"><!--more--><\/p>\n<p>Die Seniorenberatungsstelle Vortaunus versteht sich als Anlaufstelle f\u00fcr Seniorinnen und Senioren sowie deren Angeh\u00f6rige aus Bad Soden am Taunus, Liederbach am Taunus und Sulzbach (Taunus).<\/p>\n<p>Die Seniorenberater und Seniorenberaterinnen haben sich zum Ziel gesetzt, die Eigenst\u00e4ndigkeit und Selbstbestimmung von \u00e4lteren Menschen so lange wie m\u00f6glich zu erhalten.<\/p>\n<p>Sie m\u00f6chten Ansprechpartner sein f\u00fcr pers\u00f6nliche und famili\u00e4re Fragen und in schwierigen Lebenssituationen. Durch unsere Angebote sollen Selbsthilfekr\u00e4fte gest\u00e4rkt und die Anbindung an die Gemeinschaft gef\u00f6rdert werden.<\/p>\n<p>Gern erstellt die Beratungsstelle mit Ihnen ein Gesamtkonzept f\u00fcr Ihre<br \/>\nindividuelle Situation. Wir helfen Ihnen im Umgang mit \u00c4mtern und Beh\u00f6rden<br \/>\nund bei der Beantragung von Sozialleistungen.<\/p>\n<div class=\"alignright\"><img loading=\"lazy\" decoding=\"async\" class=\"size-medium wp-image-55\" src=\"http:\/\/www.seniorenberatungsstelle-vortaunus.de\/wp-content\/uploads\/2013\/10\/gebaeude-300x192.jpg\" alt=\"gebaeude\" width=\"300\" height=\"192\" srcset=\"https:\/\/www.seniorenberatungsstelle-vortaunus.de\/wp-content\/uploads\/2013\/10\/gebaeude-300x192.jpg 300w, https:\/\/www.seniorenberatungsstelle-vortaunus.de\/wp-content\/uploads\/2013\/10\/gebaeude.jpg 1024w\" sizes=\"auto, (max-width: 300px) 100vw, 300px\" \/><br \/>\nEingang der Seniorenberatungsstelle<\/div>\n<p>Wir beraten kostenfrei und tr\u00e4gerneutral und informieren Sie auf Wunsch zu folgenden Themen:<\/p>\n<ul>\n<li>Finanzielle Hilfen<\/li>\n<li>H\u00e4usliche Hilfen<\/li>\n<li>Pflegerische Hilfen<\/li>\n<li>Wohnen<\/li>\n<li>Rechtliche Vorsorge<\/li>\n<li>Selbsthilfeinitiativen und Gespr\u00e4chskreise<\/li>\n<li>Angeh\u00f6rigengruppen.<\/li>\n<\/ul>\n<p><span style=\"color: #3366ff;\"><a style=\"color: #3366ff;\" href=\"http:\/\/www.seniorenberatungsstelle-vortaunus.de\/wp-content\/uploads\/2013\/10\/Flyer-SBS_neu.pdf\"><br \/>\n<strong>Download Flyer<\/strong><\/a><\/span><\/p>\n","protected":false},"excerpt":{"rendered":"<p>Herzlich Willkommen auf der Seite der Seniorenberatungsstelle Vortaunus &nbsp;<\/p>\n","protected":false},"author":1,"featured_media":0,"parent":0,"menu_order":0,"comment_status":"open","ping_status":"closed","template":"","meta":{"footnotes":""},"class_list":["post-6","page","type-page","status-publish","hentry"],"_links":{"self":[{"href":"https:\/\/www.seniorenberatungsstelle-vortaunus.de\/index.php?rest_route=\/wp\/v2\/pages\/6","targetHints":{"allow":["GET"]}}],"collection":[{"href":"https:\/\/www.seniorenberatungsstelle-vortaunus.de\/index.php?rest_route=\/wp\/v2\/pages"}],"about":[{"href":"https:\/\/www.seniorenberatungsstelle-vortaunus.de\/index.php?rest_route=\/wp\/v2\/types\/page"}],"author":[{"embeddable":true,"href":"https:\/\/www.seniorenberatungsstelle-vortaunus.de\/index.php?rest_route=\/wp\/v2\/users\/1"}],"replies":[{"embeddable":true,"href":"https:\/\/www.seniorenberatungsstelle-vortaunus.de\/index.php?rest_route=%2Fwp%2Fv2%2Fcomments&post=6"}],"version-history":[{"count":290,"href":"https:\/\/www.seniorenberatungsstelle-vortaunus.de\/index.php?rest_route=\/wp\/v2\/pages\/6\/revisions"}],"predecessor-version":[{"id":1398,"href":"https:\/\/www.seniorenberatungsstelle-vortaunus.de\/index.php?rest_route=\/wp\/v2\/pages\/6\/revisions\/1398"}],"wp:attachment":[{"href":"https:\/\/www.seniorenberatungsstelle-vortaunus.de\/index.php?rest_route=%2Fwp%2Fv2%2Fmedia&parent=6"}],"curies":[{"name":"wp","href":"https:\/\/api.w.org\/{rel}","templated":true}]}}