{"id":435,"date":"2016-08-09T13:48:14","date_gmt":"2016-08-09T11:48:14","guid":{"rendered":"http:\/\/www.seniorenberatungsstelle-vortaunus.de\/?page_id=435"},"modified":"2026-01-06T15:32:33","modified_gmt":"2026-01-06T13:32:33","slug":"sicherheitsberatung","status":"publish","type":"page","link":"https:\/\/www.seniorenberatungsstelle-vortaunus.de\/?page_id=435","title":{"rendered":"Sicherheitsberatung"},"content":{"rendered":"<hr \/>\n<h2>Die Sicherheitsberater sind gern f\u00fcr Sie und Ihre Fragen rund um das Thema Sicherheit an der Haust\u00fcr, im Internet und am Telefon da<\/h2>\n<div class=\"xr_txt xr_s3\"><span class=\"xr_tl Subheading_a xr_s1\">Informationen und Tipps wie Sie sich vor <\/span> <span class=\"xr_tl Subheading_a xr_s1\">Betr\u00fcgereien sch\u00fctzen k\u00f6nnen finden Sie <strong><span style=\"color: #3366ff;\"><a style=\"color: #3366ff;\" href=\"https:\/\/www.seniorenberater.help\/videos.htm\" target=\"_blank\" rel=\"noopener noreferrer\">hier:<\/a><\/span><\/strong>\u00a0 <\/span><\/div>\n<div><\/div>\n<div class=\"xr_txt xr_s3\"><span class=\"xr_tl Normal_text_b xr_s3\"><span class=\"Normal_text_b xr_s24\">Die<\/span><\/span> <span class=\"xr_tl Normal_text_b xr_s3\"><span class=\"Normal_text_b xr_s24\">ehrenamtlichen<\/span><\/span> <span class=\"xr_tl Normal_text_b xr_s3\"><span class=\"Normal_text_b xr_s1\">Sicherheitsberater<\/span><\/span> <span class=\"xr_tl Normal_text_b xr_s3\"><span class=\"Normal_text_b xr_s1\">f\u00fcr<\/span><\/span> <span class=\"xr_tl Normal_text_b xr_s3\"><span class=\"Normal_text_b xr_s1\">Seniorinnen<\/span><\/span> <span class=\"xr_tl Normal_text_b xr_s3\"><span class=\"Normal_text_b xr_s1\">und<\/span><\/span> <span class=\"xr_tl Normal_text_b xr_s3\"><span class=\"Normal_text_b xr_s1\">Senioren<\/span><\/span> <span class=\"xr_tl Normal_text_b xr_s3\"><span class=\"Normal_text_b xr_s2\">(SfS)<\/span><\/span> <span class=\"xr_tl Normal_text_b xr_s24\">kennen<\/span> <span class=\"xr_tl Normal_text_b xr_s24\">sich<\/span> <span class=\"xr_tl Normal_text_b xr_s24\">mit<\/span> <span class=\"xr_tl Normal_text_b xr_s24\">Maschen,<\/span> <span class=\"xr_tl Normal_text_b xr_s24\">wie<\/span> <span class=\"xr_tl Normal_text_b xr_s24\">z.B.<\/span> <span class=\"xr_tl Normal_text_b xr_s24\">dem<\/span> <span class=\"xr_tl Normal_text_b xr_s24\">Enkeltrick,<\/span> <span class=\"xr_tl Normal_text_b xr_s24\">aus,<\/span> <span class=\"xr_tl Normal_text_b xr_s24\">mit<\/span> <span class=\"xr_tl Normal_text_b xr_s24\">dem<\/span> <span class=\"xr_tl Normal_text_b xr_s24\">gezielt<\/span> <span class=\"xr_tl Normal_text_b xr_s24\">Senioren <\/span> <span class=\"xr_tl Normal_text_b xr_s24\">hereingelegt<\/span> <span class=\"xr_tl Normal_text_b xr_s24\">werden.<\/span><\/div>\n<div><\/div>\n<div>\n<hr \/>\n<\/div>\n<div>\n<p>&nbsp;<\/p>\n<p><strong>Die Sicherheitsberater nach Stadt\/Gemeinde unterteilt:<\/strong><\/p>\n<\/div>\n<ul>\n<li><a href=\"https:\/\/www.bad-soden.de\/stadt\/kinder-senioren\/senioren\/sicherheitsberater-fuer-senioren\/\" target=\"_blank\" rel=\"noopener noreferrer\"><strong><span style=\"color: #3366ff;\">Bad Soden<\/span> <\/strong><\/a><\/li>\n<li><a href=\"https:\/\/www.praeventionsrat.de\/kommunale-praventionsrate\/sulzbach\/\" target=\"_blank\" rel=\"noopener noreferrer\"><strong><span style=\"color: #3366ff;\">Sulzbach<\/span><\/strong><\/a><\/li>\n<li><a href=\"https:\/\/www.liederbach.eu\/eigene_dateien\/aktuell\/2025-aktuelles\/november\/liederbach_sfs_flyer_2025_komprimiert.pdf\" target=\"_blank\" rel=\"noopener noreferrer\"><strong><span style=\"color: #3366ff;\">Liederbach<\/span><\/strong><\/a><\/li>\n<\/ul>\n<p>&nbsp;<\/p>\n<h3><span class=\"xr_tl Subheading_a xr_s1\">Infos zu den einzelnen Betrugsarten:<\/span><\/h3>\n<p>&nbsp;<\/p>\n<ul>\n<li><strong><span class=\"xr_tl Normal_text_b xr_s25\" style=\"color: #3366ff;\"><a style=\"color: #3366ff;\" href=\"http:\/\/www.seniorenberater.help\/betrug_mit_corona.htm\">Vorsicht Corona-Betrugsarten<\/a><\/span><\/strong><\/li>\n<li><strong><span style=\"color: #3366ff;\"><span class=\"xr_tl Normal_text_b xr_s4\"><a style=\"color: #3366ff;\" href=\"http:\/\/www.seniorenberater.help\/enkeltrick.htm\">Enkeltrick<\/a><\/span> <span class=\"xr_tl Normal_text_b xr_s4\"><a style=\"color: #3366ff;\" href=\"http:\/\/www.seniorenberater.help\/glaswasser.htm\">Glas Wasser- und Zetteltrick<\/a><\/span><\/span><\/strong><\/li>\n<li><strong><span style=\"color: #3366ff;\"><span class=\"xr_tl Normal_text_b xr_s4\"><a style=\"color: #3366ff;\" href=\"http:\/\/www.seniorenberater.help\/taschendiebe.htm\">Vorsicht vor Taschendieben<\/a><\/span> <span class=\"xr_tl Normal_text_b xr_s4\"><a style=\"color: #3366ff;\" href=\"http:\/\/www.seniorenberater.help\/wohnungs-ed.htm\">Einbruch in Wohnungen<\/a><\/span><\/span><\/strong><\/li>\n<li><strong><span class=\"xr_tl Normal_text_b xr_s4\" style=\"color: #3366ff;\"><a style=\"color: #3366ff;\" href=\"http:\/\/www.seniorenberater.help\/kaffeefahrten.htm\">Kaffeefahrten<\/a><\/span><\/strong><\/li>\n<li><strong><span class=\"xr_tl Normal_text_b xr_s4\" style=\"color: #3366ff;\"><a style=\"color: #3366ff;\" href=\"http:\/\/www.seniorenberater.help\/haftbefehl.htm\">Gef\u00e4lschte Haftbefehle<\/a><\/span><\/strong><\/li>\n<li><strong><span class=\"xr_tl Normal_text_b xr_s4\" style=\"color: #3366ff;\"><a style=\"color: #3366ff;\" href=\"http:\/\/www.seniorenberater.help\/falsche_polizeibeamte.htm\">Falsche Polizeibeamte<\/a><\/span><\/strong><\/li>\n<li><strong><span class=\"xr_tl Normal_text_b xr_s4\" style=\"color: #3366ff;\"><a style=\"color: #3366ff;\" href=\"http:\/\/www.seniorenberater.help\/falscher_microsoft_support.htm\">Falsche Microsoft Mitarbeiter<\/a><\/span><\/strong><\/li>\n<li><strong><span class=\"xr_tl Normal_text_b xr_s4\" style=\"color: #3366ff;\"><a style=\"color: #3366ff;\" href=\"http:\/\/www.seniorenberater.help\/falsche_handwerker.htm\">Falsche Handwerker<\/a><\/span><\/strong><\/li>\n<li><strong><span class=\"xr_tl Normal_text_b xr_s4\" style=\"color: #3366ff;\"><a style=\"color: #3366ff;\" href=\"http:\/\/www.seniorenberater.help\/schluesseldienste.htm\">Dubiose Schl\u00fcsseldienste<\/a><\/span><\/strong><\/li>\n<li><strong><span class=\"xr_tl Normal_text_b xr_s4\" style=\"color: #3366ff;\"><a style=\"color: #3366ff;\" href=\"http:\/\/www.seniorenberater.help\/falsche_energieberater.htm\">Falsche Energieberater<\/a><\/span><\/strong><\/li>\n<li><strong><span class=\"xr_tl Normal_text_b xr_s4\" style=\"color: #3366ff;\"><a style=\"color: #3366ff;\" href=\"http:\/\/www.seniorenberater.help\/betrugsmasche%20rentenversicherung.htm\">Falsche Rentenberater<\/a><\/span><\/strong><\/li>\n<li><strong><span class=\"xr_tl Normal_text_b xr_s4\" style=\"color: #3366ff;\"><a style=\"color: #3366ff;\" href=\"http:\/\/www.seniorenberater.help\/falsche_seniorenberater.htm\">Falsche Seniorenberater<\/a><\/span><\/strong><\/li>\n<li><strong><span class=\"xr_tl Normal_text_b xr_s4\" style=\"color: #3366ff;\"><a style=\"color: #3366ff;\" href=\"http:\/\/www.seniorenberater.help\/falsche_mahnschreiben.htm\">Falsche Mahnschreiben<\/a><\/span><\/strong><\/li>\n<li><span class=\"xr_tl Normal_text_b xr_s4\"><a href=\"http:\/\/www.seniorenberater.help\/ping_calls.htm\"><strong><span style=\"color: #3366ff;\">Vorsicht \u201ePing Calls\u201c<\/span><\/strong><\/a><\/span><\/li>\n<\/ul>\n<div>\n<hr \/>\n<\/div>\n","protected":false},"excerpt":{"rendered":"<p>Die Sicherheitsberater sind gern f\u00fcr Sie und Ihre Fragen rund um das Thema Sicherheit an der Haust\u00fcr, im Internet und am Telefon da Informationen und Tipps wie Sie sich vor Betr\u00fcgereien sch\u00fctzen k\u00f6nnen finden Sie hier:\u00a0 Die ehrenamtlichen Sicherheitsberater f\u00fcr Seniorinnen und Senioren (SfS) kennen sich mit Maschen, wie z.B. dem Enkeltrick, aus, mit dem [&hellip;]<\/p>\n","protected":false},"author":2,"featured_media":0,"parent":12,"menu_order":1,"comment_status":"closed","ping_status":"closed","template":"","meta":{"footnotes":""},"class_list":["post-435","page","type-page","status-publish","hentry"],"_links":{"self":[{"href":"https:\/\/www.seniorenberatungsstelle-vortaunus.de\/index.php?rest_route=\/wp\/v2\/pages\/435","targetHints":{"allow":["GET"]}}],"collection":[{"href":"https:\/\/www.seniorenberatungsstelle-vortaunus.de\/index.php?rest_route=\/wp\/v2\/pages"}],"about":[{"href":"https:\/\/www.seniorenberatungsstelle-vortaunus.de\/index.php?rest_route=\/wp\/v2\/types\/page"}],"author":[{"embeddable":true,"href":"https:\/\/www.seniorenberatungsstelle-vortaunus.de\/index.php?rest_route=\/wp\/v2\/users\/2"}],"replies":[{"embeddable":true,"href":"https:\/\/www.seniorenberatungsstelle-vortaunus.de\/index.php?rest_route=%2Fwp%2Fv2%2Fcomments&post=435"}],"version-history":[{"count":44,"href":"https:\/\/www.seniorenberatungsstelle-vortaunus.de\/index.php?rest_route=\/wp\/v2\/pages\/435\/revisions"}],"predecessor-version":[{"id":1408,"href":"https:\/\/www.seniorenberatungsstelle-vortaunus.de\/index.php?rest_route=\/wp\/v2\/pages\/435\/revisions\/1408"}],"up":[{"embeddable":true,"href":"https:\/\/www.seniorenberatungsstelle-vortaunus.de\/index.php?rest_route=\/wp\/v2\/pages\/12"}],"wp:attachment":[{"href":"https:\/\/www.seniorenberatungsstelle-vortaunus.de\/index.php?rest_route=%2Fwp%2Fv2%2Fmedia&parent=435"}],"curies":[{"name":"wp","href":"https:\/\/api.w.org\/{rel}","templated":true}]}}