{"id":30,"date":"2013-10-24T18:10:13","date_gmt":"2013-10-24T16:10:13","guid":{"rendered":"http:\/\/www.seniorenberatungsstelle-vortaunus.de\/wp\/?page_id=30"},"modified":"2023-01-11T10:23:46","modified_gmt":"2023-01-11T08:23:46","slug":"impressum","status":"publish","type":"page","link":"https:\/\/www.seniorenberatungsstelle-vortaunus.de\/?page_id=30","title":{"rendered":"Impressum"},"content":{"rendered":"<p><strong>Diakoniestation Vortaunus<\/strong><\/p>\n<p>Verantwortlich im Sinne des Presserechts:<\/p>\n<p>Pfarrer Jan Frey<\/p>\n<p>\u00d6kumenische Diakoniestation Vortaunus<br \/>\nKronberger Stra\u00dfe 1a<br \/>\n65812 Bad Soden am Taunus<br \/>\nTel.: 06196 \/ 2 36 70<br \/>\nFax: 06196 \/ 64 16 89<\/p>\n<p><strong>Haftungshinweis:<\/strong><br \/>\nDie hier ver\u00f6ffentlichten Internetseiten enthaltenen Angaben und Informationen,die sorgf\u00e4ltig gepr\u00fcft wurden. Eine Garantie f\u00fcr die Vollst\u00e4ndigkeit, Richtigkeit und Aktualit\u00e4t kann jedoch nicht \u00fcbernommen werden. Wir \u00fcbernehmen keine Haftung f\u00fcr die Inhalte externer Links. F\u00fcr den Inhalt der verlinkten Seiten sind ausschlie\u00dflich deren Betreiber verantwortlich.<\/p>\n","protected":false},"excerpt":{"rendered":"<p>Diakoniestation Vortaunus Verantwortlich im Sinne des Presserechts: Pfarrer Jan Frey \u00d6kumenische Diakoniestation Vortaunus Kronberger Stra\u00dfe 1a 65812 Bad Soden am Taunus Tel.: 06196 \/ 2 36 70 Fax: 06196 \/ 64 16 89 Haftungshinweis: Die hier ver\u00f6ffentlichten Internetseiten enthaltenen Angaben und Informationen,die sorgf\u00e4ltig gepr\u00fcft wurden. Eine Garantie f\u00fcr die Vollst\u00e4ndigkeit, Richtigkeit und Aktualit\u00e4t kann jedoch [&hellip;]<\/p>\n","protected":false},"author":1,"featured_media":0,"parent":0,"menu_order":0,"comment_status":"open","ping_status":"open","template":"","meta":{"footnotes":""},"class_list":["post-30","page","type-page","status-publish","hentry"],"_links":{"self":[{"href":"https:\/\/www.seniorenberatungsstelle-vortaunus.de\/index.php?rest_route=\/wp\/v2\/pages\/30","targetHints":{"allow":["GET"]}}],"collection":[{"href":"https:\/\/www.seniorenberatungsstelle-vortaunus.de\/index.php?rest_route=\/wp\/v2\/pages"}],"about":[{"href":"https:\/\/www.seniorenberatungsstelle-vortaunus.de\/index.php?rest_route=\/wp\/v2\/types\/page"}],"author":[{"embeddable":true,"href":"https:\/\/www.seniorenberatungsstelle-vortaunus.de\/index.php?rest_route=\/wp\/v2\/users\/1"}],"replies":[{"embeddable":true,"href":"https:\/\/www.seniorenberatungsstelle-vortaunus.de\/index.php?rest_route=%2Fwp%2Fv2%2Fcomments&post=30"}],"version-history":[{"count":4,"href":"https:\/\/www.seniorenberatungsstelle-vortaunus.de\/index.php?rest_route=\/wp\/v2\/pages\/30\/revisions"}],"predecessor-version":[{"id":1214,"href":"https:\/\/www.seniorenberatungsstelle-vortaunus.de\/index.php?rest_route=\/wp\/v2\/pages\/30\/revisions\/1214"}],"wp:attachment":[{"href":"https:\/\/www.seniorenberatungsstelle-vortaunus.de\/index.php?rest_route=%2Fwp%2Fv2%2Fmedia&parent=30"}],"curies":[{"name":"wp","href":"https:\/\/api.w.org\/{rel}","templated":true}]}}