{"id":289,"date":"2015-09-28T23:13:57","date_gmt":"2015-09-28T21:13:57","guid":{"rendered":"http:\/\/www.seniorenberatungsstelle-vortaunus.de\/?page_id=289"},"modified":"2024-10-01T11:22:42","modified_gmt":"2024-10-01T09:22:42","slug":"heime-und-andere-pflegeinstitutionen","status":"publish","type":"page","link":"https:\/\/www.seniorenberatungsstelle-vortaunus.de\/?page_id=289","title":{"rendered":"Station\u00e4re Pflegeinstitutionen"},"content":{"rendered":"<h2>Suche nach station\u00e4ren und ambulanten Pflegeinstitutionen<\/h2>\n<p>\u00dcber den AOK-Pflegenavigator, welcher nicht nur f\u00fcr AOK-Versicherte gilt, finden Sie nach Ihren individuellen Wunschkriterien das Passende. Auch die Kosten und einzelnen Leistungen k\u00f6nnen Sie unter dem folgenden Link finden:<\/p>\n<p><a href=\"https:\/\/www.aok.de\/pk\/cl\/hessen\/pflege\/pflegenavigator\/pflegeheim\/\" target=\"_blank\" rel=\"noopener noreferrer\"><strong><span style=\"color: #3366ff;\">AOK-Pflegenavigator<\/span><\/strong><\/a><\/p>\n<hr \/>\n<h2>Heimkosten &#8211; Unterhalt durch Kinder bzw. Ehegatten<\/h2>\n<p>Dieses Thema treibt sowohl die Pflegebed\u00fcrftigen selbst als auch die Kinder um. F\u00fcr letztere wurde im vergangenen Jahr die Regelung getroffen, dass nur noch das Jahreseinkommen, welches \u00fcber 100.000 \u20ac liegt, herangezogen werden darf. Bei den Ehe- und Lebenspartnern sieht dies etwas komplizierter aus. Auch wir k\u00f6nnen nicht mit abschlie\u00dfender Sicherheit sagen, welche konkreten Betr\u00e4ge das Sozialamt f\u00fcr die Berechnung einbezieht. Wir k\u00f6nnen jedoch bez\u00fcglich der Unterlagen, die als Nachweise eingereicht werden m\u00fcssen sowie aufgrund der groben von Ihnen gemachten Angaben zu Einnahmen und Verm\u00f6gen sagen, ob sich ein Antrag lohnen k\u00f6nnte oder welche anderen Finanzierungsm\u00f6glichkeiten oder Pflegem\u00f6glichkeiten noch bestehen.<\/p>\n<p>Den Antrag zur \u00dcbernahme ungedeckter Heimpflegekosten finden Sie unter diesem Link des Main-Taunus-Kreises <strong><span style=\"color: #3366ff;\"><a style=\"color: #3366ff;\" href=\"\/Users\/SB2\/Downloads\/Heimpflegekosten_Antrag_%C3%9Cbernahme_ungedeckte_Heimpflegekosten_.pdf\" target=\"_blank\" rel=\"noopener noreferrer\">Antrag zur \u00dcbernahme ungedeckter Heimpflegekosten<\/a><\/span><\/strong><\/p>\n","protected":false},"excerpt":{"rendered":"<p>Suche nach station\u00e4ren und ambulanten Pflegeinstitutionen \u00dcber den AOK-Pflegenavigator, welcher nicht nur f\u00fcr AOK-Versicherte gilt, finden Sie nach Ihren individuellen Wunschkriterien das Passende. Auch die Kosten und einzelnen Leistungen k\u00f6nnen Sie unter dem folgenden Link finden: AOK-Pflegenavigator Heimkosten &#8211; Unterhalt durch Kinder bzw. Ehegatten Dieses Thema treibt sowohl die Pflegebed\u00fcrftigen selbst als auch die Kinder [&hellip;]<\/p>\n","protected":false},"author":2,"featured_media":0,"parent":12,"menu_order":0,"comment_status":"closed","ping_status":"closed","template":"","meta":{"footnotes":""},"class_list":["post-289","page","type-page","status-publish","hentry"],"_links":{"self":[{"href":"https:\/\/www.seniorenberatungsstelle-vortaunus.de\/index.php?rest_route=\/wp\/v2\/pages\/289","targetHints":{"allow":["GET"]}}],"collection":[{"href":"https:\/\/www.seniorenberatungsstelle-vortaunus.de\/index.php?rest_route=\/wp\/v2\/pages"}],"about":[{"href":"https:\/\/www.seniorenberatungsstelle-vortaunus.de\/index.php?rest_route=\/wp\/v2\/types\/page"}],"author":[{"embeddable":true,"href":"https:\/\/www.seniorenberatungsstelle-vortaunus.de\/index.php?rest_route=\/wp\/v2\/users\/2"}],"replies":[{"embeddable":true,"href":"https:\/\/www.seniorenberatungsstelle-vortaunus.de\/index.php?rest_route=%2Fwp%2Fv2%2Fcomments&post=289"}],"version-history":[{"count":17,"href":"https:\/\/www.seniorenberatungsstelle-vortaunus.de\/index.php?rest_route=\/wp\/v2\/pages\/289\/revisions"}],"predecessor-version":[{"id":1294,"href":"https:\/\/www.seniorenberatungsstelle-vortaunus.de\/index.php?rest_route=\/wp\/v2\/pages\/289\/revisions\/1294"}],"up":[{"embeddable":true,"href":"https:\/\/www.seniorenberatungsstelle-vortaunus.de\/index.php?rest_route=\/wp\/v2\/pages\/12"}],"wp:attachment":[{"href":"https:\/\/www.seniorenberatungsstelle-vortaunus.de\/index.php?rest_route=%2Fwp%2Fv2%2Fmedia&parent=289"}],"curies":[{"name":"wp","href":"https:\/\/api.w.org\/{rel}","templated":true}]}}