{"id":26,"date":"2013-10-24T18:09:53","date_gmt":"2013-10-24T16:09:53","guid":{"rendered":"http:\/\/www.seniorenberatungsstelle-vortaunus.de\/wp\/?page_id=26"},"modified":"2014-07-17T12:29:58","modified_gmt":"2014-07-17T10:29:58","slug":"grenzen-der-beratung","status":"publish","type":"page","link":"https:\/\/www.seniorenberatungsstelle-vortaunus.de\/?page_id=26","title":{"rendered":"Grenzen der Beratung"},"content":{"rendered":"<h2>Fachliche und zeitliche Grenzen<\/h2>\n<p>Manchmal sind uns jedoch Grenzen gesetzt. So ist in bestimmten F\u00e4llen eine notarielle oder medizinische Beratung notwendig. Ab und zu bedarf es auch einer intensiveren Begleitung und Betreuung (z.B. in pflegerischen oder beh\u00f6rdlichen Angelegenheiten). Besonders in finanziellen Bereichen besteht bei uns Sozialp\u00e4dagogen zwar Grundwissen, oft gibt es weiterf\u00fchrend jedoch spezielle Beratungsstellen, zu denen wir Ihnen gern die Kontaktdaten geben.<\/p>\n<h2>Information ja &#8211; Vermittlung und Betreuung nein<\/h2>\n<p>Wichtig ist auch, dass wir nur beraten und informieren. Die Seniorenberatungsstelle vermittelt Ihnen nichts und \u00fcbernimmt auch keine praktischen Dienste.<\/p>\n<h2>Respekt der Privatsph\u00e4re<\/h2>\n<p>Wir bedanken uns f\u00fcr offene Augen und Ohren von Nachbarn, Hausverwaltungen oder anderen besorgten Dritten. Dennoch k\u00f6nnen wir &#8211; ohne das Einverst\u00e4ndnis des Betroffenen oder des Angeh\u00f6rigen, welcher zwischen uns und dem Betroffenen vermitteln kann, nicht beratend t\u00e4tig sein. Dies trifft zum Beispiel auf den Verdacht auf Verwahrlosung, Obdachlosigkeit\u00a0 oder Orientierungslosigkeit sowie bei Mietschulden zu. Wir beraten Sie nat\u00fcrlich gern bez\u00fcglich der geeigneten Ansprechpartner.<\/p>\n","protected":false},"excerpt":{"rendered":"<p>Fachliche und zeitliche Grenzen Manchmal sind uns jedoch Grenzen gesetzt. So ist in bestimmten F\u00e4llen eine notarielle oder medizinische Beratung notwendig. Ab und zu bedarf es auch einer intensiveren Begleitung und Betreuung (z.B. in pflegerischen oder beh\u00f6rdlichen Angelegenheiten). Besonders in finanziellen Bereichen besteht bei uns Sozialp\u00e4dagogen zwar Grundwissen, oft gibt es weiterf\u00fchrend jedoch spezielle Beratungsstellen, [&hellip;]<\/p>\n","protected":false},"author":1,"featured_media":0,"parent":12,"menu_order":0,"comment_status":"open","ping_status":"open","template":"","meta":{"footnotes":""},"class_list":["post-26","page","type-page","status-publish","hentry"],"_links":{"self":[{"href":"https:\/\/www.seniorenberatungsstelle-vortaunus.de\/index.php?rest_route=\/wp\/v2\/pages\/26","targetHints":{"allow":["GET"]}}],"collection":[{"href":"https:\/\/www.seniorenberatungsstelle-vortaunus.de\/index.php?rest_route=\/wp\/v2\/pages"}],"about":[{"href":"https:\/\/www.seniorenberatungsstelle-vortaunus.de\/index.php?rest_route=\/wp\/v2\/types\/page"}],"author":[{"embeddable":true,"href":"https:\/\/www.seniorenberatungsstelle-vortaunus.de\/index.php?rest_route=\/wp\/v2\/users\/1"}],"replies":[{"embeddable":true,"href":"https:\/\/www.seniorenberatungsstelle-vortaunus.de\/index.php?rest_route=%2Fwp%2Fv2%2Fcomments&post=26"}],"version-history":[{"count":5,"href":"https:\/\/www.seniorenberatungsstelle-vortaunus.de\/index.php?rest_route=\/wp\/v2\/pages\/26\/revisions"}],"predecessor-version":[{"id":131,"href":"https:\/\/www.seniorenberatungsstelle-vortaunus.de\/index.php?rest_route=\/wp\/v2\/pages\/26\/revisions\/131"}],"up":[{"embeddable":true,"href":"https:\/\/www.seniorenberatungsstelle-vortaunus.de\/index.php?rest_route=\/wp\/v2\/pages\/12"}],"wp:attachment":[{"href":"https:\/\/www.seniorenberatungsstelle-vortaunus.de\/index.php?rest_route=%2Fwp%2Fv2%2Fmedia&parent=26"}],"curies":[{"name":"wp","href":"https:\/\/api.w.org\/{rel}","templated":true}]}}