{"id":242,"date":"2015-09-17T11:42:08","date_gmt":"2015-09-17T09:42:08","guid":{"rendered":"http:\/\/www.seniorenberatungsstelle-vortaunus.de\/?page_id=242"},"modified":"2019-02-12T14:34:38","modified_gmt":"2019-02-12T12:34:38","slug":"allgemeine-tipps-und-erste-schritte","status":"publish","type":"page","link":"https:\/\/www.seniorenberatungsstelle-vortaunus.de\/?page_id=242","title":{"rendered":"Zielgruppe und Motto"},"content":{"rendered":"<h2>Wen beraten wir<\/h2>\n<p>Personen ab 60 Jahren, deren Angeh\u00f6rige und Nahestehende<\/p>\n<h2>Einzugsgebiet<\/h2>\n<ul>\n<li>Bad Soden am Taunus<\/li>\n<li>Liederbach am Taunus und<\/li>\n<li>Sulzbach (Taunus)<\/li>\n<\/ul>\n<h2>Unser Motto<\/h2>\n<p>Wir bieten Ihnen eine kostenfreie und tr\u00e4gerneutrale Beratung und Information \u00fcber Hilfe- und Entlastungsangebote.<br \/>\nWir respektieren die Lebenserfahrung und Alltagsbew\u00e4ltigung der Ratsuchenden.<br \/>\nWir sind Lotse im schwer durchschaubaren Sozial- und Gesundheitssystem.<br \/>\nWir schaffen individuelle und tragf\u00e4hige Hilfearrangements.<br \/>\nWir unterliegen selbstverst\u00e4ndlich der Schweigepflicht.<br \/>\nWir leisten Hilfe mit dem Ziel der Selbsthilfe.<br \/>\nWir \u00f6ffnen die T\u00fcren zum Hilfenetz.<\/p>\n","protected":false},"excerpt":{"rendered":"<p>Wen beraten wir Personen ab 60 Jahren, deren Angeh\u00f6rige und Nahestehende Einzugsgebiet Bad Soden am Taunus Liederbach am Taunus und Sulzbach (Taunus) Unser Motto Wir bieten Ihnen eine kostenfreie und tr\u00e4gerneutrale Beratung und Information \u00fcber Hilfe- und Entlastungsangebote. Wir respektieren die Lebenserfahrung und Alltagsbew\u00e4ltigung der Ratsuchenden. Wir sind Lotse im schwer durchschaubaren Sozial- und Gesundheitssystem. [&hellip;]<\/p>\n","protected":false},"author":2,"featured_media":0,"parent":0,"menu_order":0,"comment_status":"open","ping_status":"open","template":"","meta":{"footnotes":""},"class_list":["post-242","page","type-page","status-publish","hentry"],"_links":{"self":[{"href":"https:\/\/www.seniorenberatungsstelle-vortaunus.de\/index.php?rest_route=\/wp\/v2\/pages\/242","targetHints":{"allow":["GET"]}}],"collection":[{"href":"https:\/\/www.seniorenberatungsstelle-vortaunus.de\/index.php?rest_route=\/wp\/v2\/pages"}],"about":[{"href":"https:\/\/www.seniorenberatungsstelle-vortaunus.de\/index.php?rest_route=\/wp\/v2\/types\/page"}],"author":[{"embeddable":true,"href":"https:\/\/www.seniorenberatungsstelle-vortaunus.de\/index.php?rest_route=\/wp\/v2\/users\/2"}],"replies":[{"embeddable":true,"href":"https:\/\/www.seniorenberatungsstelle-vortaunus.de\/index.php?rest_route=%2Fwp%2Fv2%2Fcomments&post=242"}],"version-history":[{"count":10,"href":"https:\/\/www.seniorenberatungsstelle-vortaunus.de\/index.php?rest_route=\/wp\/v2\/pages\/242\/revisions"}],"predecessor-version":[{"id":770,"href":"https:\/\/www.seniorenberatungsstelle-vortaunus.de\/index.php?rest_route=\/wp\/v2\/pages\/242\/revisions\/770"}],"wp:attachment":[{"href":"https:\/\/www.seniorenberatungsstelle-vortaunus.de\/index.php?rest_route=%2Fwp%2Fv2%2Fmedia&parent=242"}],"curies":[{"name":"wp","href":"https:\/\/api.w.org\/{rel}","templated":true}]}}