{"id":24,"date":"2013-10-24T18:09:42","date_gmt":"2013-10-24T16:09:42","guid":{"rendered":"http:\/\/www.seniorenberatungsstelle-vortaunus.de\/wp\/?page_id=24"},"modified":"2026-01-06T15:38:46","modified_gmt":"2026-01-06T13:38:46","slug":"hilfe-fuer-angehoerige","status":"publish","type":"page","link":"https:\/\/www.seniorenberatungsstelle-vortaunus.de\/?page_id=24","title":{"rendered":"Hilfe f\u00fcr Angeh\u00f6rige"},"content":{"rendered":"<h2>Entlastung bei Demenz und schwerer Pflegebed\u00fcrftigkeit<\/h2>\n<p><strong>Betreuung des Pflegebed\u00fcrftigen<\/strong><br \/>\nSie sind mit Ihren Kr\u00e4ften bei der Pflege am Ende? Gern beraten wir Sie \u00fcber M\u00f6glichkeiten, auch einmal wieder Ihre pers\u00f6nlichen Angelegenheiten regeln und mal durchatmen zu k\u00f6nnen. Unter anderem mit den folgenden Angeboten:<\/p>\n<p>&#8211; Kurzzeitpflege: <span style=\"color: #3366ff;\"><a style=\"color: #3366ff;\" href=\"https:\/\/www.pflege-in-hessen.de\/formen-der-pflege\/kurzzeitpflege\/\" target=\"_blank\" rel=\"noopener noreferrer\"><span style=\"color: #3366ff;\"><strong>www.pflege-in-hessen.de<\/strong><\/span><br \/>\n<\/a><\/span>&#8211; Tagespflege\/Betreuungsangebote: <strong><span style=\"color: #0000ff;\"><a style=\"color: #0000ff;\" href=\"https:\/\/www.pflegelotse.de\/presentation\/pl_startseite.aspx\">vdek pflegelotse<\/a><\/span><\/strong><span style=\"color: #3366ff;\"><strong><br \/>\n<\/strong><\/span>&#8211; Verhinderungspflege: <a href=\"https:\/\/www.bundesgesundheitsministerium.de\/verhinderungspflege.html\" target=\"_blank\" rel=\"noopener noreferrer\"><span style=\"color: #3366ff;\"><strong>www.bundesgesundheitsministerium.de\/verhinderungspflege.html<\/strong><\/span><\/a><br \/>\n&#8211; Zus\u00e4tzliche Betreuungsleistungen\/Entlastungsleistungen (125 Euro): <strong><span style=\"color: #3366ff;\"><a style=\"color: #3366ff;\" href=\"https:\/\/sozialversicherung-kompetent.de\/20121101482\/pflegeversicherung\/leistungsrecht-gpv\/zusaetzliche-betreuungsleistungen\" target=\"_blank\" rel=\"noopener noreferrer\">www.sozialversicherung-kompetent.de<\/a><\/span><\/strong><\/p>\n<h2>Aktuelle Heime nach Regionen mit Pflegebenotung<\/h2>\n<p>Sie suchen ein Heim, wissen aber nicht welche es gibt? Oder Sie k\u00f6nnen sich noch nicht f\u00fcr ein bestimmtes Heim entscheiden, weil Sie die Vor- und Nachteile nicht kennen? Die Berater und Beraterinnen der Seniorenberatungsstelle sind hierf\u00fcr die richtigen Ansprechpartner. F\u00fcr einen ersten \u00dcberblick empfehlen wir Ihnen jedoch, sich auf der folgenden Internetseite zu informieren.<\/p>\n<p>&#8211; AOK-Gesundheitsnavigator: <a href=\"https:\/\/www.aok.de\/pk\/cl\/hessen\/pflege\/pflegenavigator\/pflegeheim\/\" target=\"_blank\" rel=\"noopener noreferrer\"><span style=\"color: #3366ff;\"><strong>www.aok-pflegeheimnavigator.de<\/strong><\/span><\/a><\/p>\n<h2>Unterst\u00fctzung der pflegenden Angeh\u00f6rigen<\/h2>\n<p>Bei den folgenden beiden Angeboten helfen wir Ihnen gern mit Kontaktadressen je nach Bedarf in unserer Beratungsstelle weiter, da sich die jeweiligen Gruppen und Ansprechpartner in diesem Bericht oft \u00e4ndern:<\/p>\n<p>&#8211; Gespr\u00e4chsgruppen &#8211; z.B. Sulzbacher Gespr\u00e4chsangebote zum Thema Demenz &#8211;&gt; siehe: <a href=\"https:\/\/www.sulzbach-taunus.de\/soziales-kultur\/veranstaltungen-und-feste\/veranstaltungen\" target=\"_blank\" rel=\"noopener\"><span style=\"color: #3366ff;\">Kalender der Gemeinde Sulzbach<\/span><\/a><br \/>\n&#8211; Selbsthilfegruppen<\/p>\n<p>Hier finden Sie hilfreiche Informationen \u00fcber Demenz:<\/p>\n<p>&#8211; Netzwerk Demenz &#8211; Beratung f\u00fcr Menschen aus dem Main-Taunus-Kreis: <a href=\"http:\/\/netzwerk-demenz-mtk.de\/\" target=\"_blank\" rel=\"noopener noreferrer\"><strong><span style=\"color: #3366ff;\">https:\/\/www.netzwerk-demenz-mtk.de<\/span><\/strong><\/a><br \/>\n&#8211; Demenzatlas Hessen (Beratungs- und Unterst\u00fctzungsangebote in Hessen): <a href=\"https:\/\/www.demenzatlas-hessen.de\/demenzatlas\" target=\"_blank\" rel=\"noopener noreferrer\"><span style=\"color: #3366ff;\"><strong>https:\/\/www.demenzatlas-hessen.de<\/strong><\/span><\/a><br \/>\n&#8211; Bundesministerium f\u00fcr Familie, Senioren, Frauen und Jugend: <span style=\"color: #3366ff;\"><a style=\"color: #3366ff;\" href=\"https:\/\/www.wegweiser-demenz.de\/wwd\/alltag-und-pflege\" target=\"_blank\" rel=\"noopener noreferrer\"><strong>www.wegweiser-demenz.de<\/strong><\/a><\/span><br \/>\n&#8211; Informationsbl\u00e4tter zum Thema Demenz: <span style=\"color: #3366ff;\"><a style=\"color: #3366ff;\" href=\"https:\/\/www.deutsche-alzheimer.de\/unser-service\/informationsblaetter-downloads.html\" target=\"_blank\" rel=\"noopener noreferrer\"><strong><span style=\"color: #3366ff;\">www.deutsche-alzheimer.de<\/span><\/strong><\/a><\/span><\/p>\n<h2>Gewalt in der Pflege<\/h2>\n<p>Gewalt kommt in unserer Umgebung h\u00e4ufiger als wir denken vor. Hier geht es nicht nur um k\u00f6rperliche Gewalt, auch psychischer und finanzieller Druck, der durch Angeh\u00f6rige ausge\u00fcbt wird aber auch Vernachl\u00e4ssigung und Ignoranz sind Formen h\u00e4uslicher Gewalt. Da gerade unter der Pflegesituation eine angespannte Situation herrscht, kann man sich nicht fr\u00fch genug \u00fcber m\u00f6gliche Hilfestrategien informieren.<\/p>\n<p>Auf der Internetseite<span style=\"color: #3366ff;\"> <a style=\"color: #3366ff;\" href=\"https:\/\/www.pflege-gewalt.de\/tipps-gewaltpraevention-pflegende\/\" target=\"_blank\" rel=\"noopener noreferrer\"><strong>www.pflege-gewalt.de<\/strong><\/a><\/span> erhalten Sie praktische Anregungen, um Gewalt in der Pflege vorzubeugen und angemessen mit problematischen Situationen umzugehen. Ratsuchende aus dem Main-Taunus-Kreis k\u00f6nnen sich hier hinwenden:<span style=\"color: #3366ff;\"> <strong><a style=\"color: #3366ff;\" href=\"https:\/\/www.mtk.org\/Hilfe-bei-Gewalt-2153.htm\" target=\"_blank\" rel=\"noopener noreferrer\">Beratungsstelle Gewalt in der Pflege im MTK<\/a>.<\/strong> <\/span><\/p>\n<p><span style=\"color: #000000;\">Selbstverst\u00e4ndlich k\u00f6nnen Sie Ihre Sorgen und \u00c4ngste auch gern mit uns Seniorenberatern besprechen. Alles unterliegt der Schweigepflicht. Wir sind auch keine Beh\u00f6rde mit Befugnissen, sondern lediglich eine Beratungseinrichtung und M\u00f6glichkeit, weitere Hilfem\u00f6glichkeiten zu er\u00f6rtern oder auch einfach nur, um sich auszusprechen.<\/span><\/p>\n","protected":false},"excerpt":{"rendered":"<p>Entlastung bei Demenz und schwerer Pflegebed\u00fcrftigkeit Betreuung des Pflegebed\u00fcrftigen Sie sind mit Ihren Kr\u00e4ften bei der Pflege am Ende? Gern beraten wir Sie \u00fcber M\u00f6glichkeiten, auch einmal wieder Ihre pers\u00f6nlichen Angelegenheiten regeln und mal durchatmen zu k\u00f6nnen. Unter anderem mit den folgenden Angeboten: &#8211; Kurzzeitpflege: www.pflege-in-hessen.de &#8211; Tagespflege\/Betreuungsangebote: vdek pflegelotse &#8211; Verhinderungspflege: www.bundesgesundheitsministerium.de\/verhinderungspflege.html &#8211; Zus\u00e4tzliche [&hellip;]<\/p>\n","protected":false},"author":1,"featured_media":0,"parent":12,"menu_order":0,"comment_status":"open","ping_status":"open","template":"","meta":{"footnotes":""},"class_list":["post-24","page","type-page","status-publish","hentry"],"_links":{"self":[{"href":"https:\/\/www.seniorenberatungsstelle-vortaunus.de\/index.php?rest_route=\/wp\/v2\/pages\/24","targetHints":{"allow":["GET"]}}],"collection":[{"href":"https:\/\/www.seniorenberatungsstelle-vortaunus.de\/index.php?rest_route=\/wp\/v2\/pages"}],"about":[{"href":"https:\/\/www.seniorenberatungsstelle-vortaunus.de\/index.php?rest_route=\/wp\/v2\/types\/page"}],"author":[{"embeddable":true,"href":"https:\/\/www.seniorenberatungsstelle-vortaunus.de\/index.php?rest_route=\/wp\/v2\/users\/1"}],"replies":[{"embeddable":true,"href":"https:\/\/www.seniorenberatungsstelle-vortaunus.de\/index.php?rest_route=%2Fwp%2Fv2%2Fcomments&post=24"}],"version-history":[{"count":46,"href":"https:\/\/www.seniorenberatungsstelle-vortaunus.de\/index.php?rest_route=\/wp\/v2\/pages\/24\/revisions"}],"predecessor-version":[{"id":1410,"href":"https:\/\/www.seniorenberatungsstelle-vortaunus.de\/index.php?rest_route=\/wp\/v2\/pages\/24\/revisions\/1410"}],"up":[{"embeddable":true,"href":"https:\/\/www.seniorenberatungsstelle-vortaunus.de\/index.php?rest_route=\/wp\/v2\/pages\/12"}],"wp:attachment":[{"href":"https:\/\/www.seniorenberatungsstelle-vortaunus.de\/index.php?rest_route=%2Fwp%2Fv2%2Fmedia&parent=24"}],"curies":[{"name":"wp","href":"https:\/\/api.w.org\/{rel}","templated":true}]}}