{"id":22,"date":"2013-10-24T18:09:29","date_gmt":"2013-10-24T16:09:29","guid":{"rendered":"http:\/\/www.seniorenberatungsstelle-vortaunus.de\/wp\/?page_id=22"},"modified":"2024-10-01T10:39:26","modified_gmt":"2024-10-01T08:39:26","slug":"vorsorge","status":"publish","type":"page","link":"https:\/\/www.seniorenberatungsstelle-vortaunus.de\/?page_id=22","title":{"rendered":"Vorsorge"},"content":{"rendered":"<h2>Vollmacht &#8211; Patientenverf\u00fcgung\u00a0 &#8211; Betreuungsverf\u00fcgung<\/h2>\n<p>Die Seniorenberatungsstelle hilft Ihnen hier bei Ihren individuellen Fragen, insbesondere zum Thema Vollmacht und Betreuungsverf\u00fcgung weiter. F\u00fcr die Patientenverf\u00fcgung empfehlen wir Ihnen, sich mit<img loading=\"lazy\" decoding=\"async\" class=\"alignright wp-image-99 \" style=\"border-left: 10px solid #fff;\" src=\"http:\/\/www.seniorenberatungsstelle-vortaunus.de\/wp-content\/uploads\/2013\/10\/Vollmacht-300x225.jpg\" alt=\"Vorsorge\" width=\"210\" height=\"157\" srcset=\"https:\/\/www.seniorenberatungsstelle-vortaunus.de\/wp-content\/uploads\/2013\/10\/Vollmacht-300x225.jpg 300w, https:\/\/www.seniorenberatungsstelle-vortaunus.de\/wp-content\/uploads\/2013\/10\/Vollmacht.jpg 400w\" sizes=\"auto, (max-width: 210px) 100vw, 210px\" \/> einem Arzt Ihres Vertrauens sowie Hospiz- und Palliativeinrichtungen in Verbindung zu setzen. Gern helfen wir Ihnen bei der Suche und sen-den Ihnen bei Bedarf gern Formulare zu.<\/p>\n<p>M\u00f6chten Sie sich zus\u00e4tzlich noch allgemein informieren, k\u00f6nnen Sie sich unter anderem das <a href=\"https:\/\/www.youtube.com\/watch?v=6AF4_1wfse8\" target=\"_blank\" rel=\"noopener\"><strong><span style=\"color: #0000ff;\">Video der Stiftung Finanztest<\/span><\/strong><\/a> zu diesem Thema anschauen. Da es jedoch recht komplex ist, wenden Sie sich gern an uns. Wir beraten Sie gern!<\/p>\n<hr \/>\n<h2>Todesfall<\/h2>\n<p>Die Seniorenberatungsstelle hilft Ihnen bei den folgenden Themen gern weiter:<\/p>\n<ul>\n<li>Sterbeversicherung\/Treuhandkonto &#8211; <strong><span style=\"color: #3366ff;\"><a style=\"color: #3366ff;\" href=\"https:\/\/www.bestatter.de\/bdb2\/pages\/vorsorge\/treuhand.php\" target=\"_blank\" rel=\"noopener noreferrer\">www.bestatter.de<\/a><\/span><\/strong><\/li>\n<li>Testament, Piet\u00e4ten &#8211;<strong> <span style=\"color: #3366ff;\"><a style=\"color: #3366ff;\" href=\"http:\/\/www.bestatter.de\" target=\"_blank\" rel=\"noopener noreferrer\">www.bestatter.de<\/a><\/span><\/strong><\/li>\n<li>Bestattung und Corona &#8211; hierzu k\u00f6nnen Sie sich <a href=\"https:\/\/www.bestatter.de\/presse\/coronavirus-faqs\/allgemeine-informationen-zum-coronavirus\/\" target=\"_blank\" rel=\"noopener noreferrer\"><strong><span style=\"color: #3366ff;\">Erkl\u00e4rungen zum Coronavirus bei Bestattungen<\/span><\/strong><\/a> des Bundesverbandes der Bestatter anschauen<\/li>\n<\/ul>\n<p>&nbsp;<\/p>\n<hr \/>\n<h2>Vorbereitung f\u00fcr den Ernstfall &#8211; z.B. den Krankenhausaufenthalt<\/h2>\n<p>Hierf\u00fcr haben wir f\u00fcr Sie einige Informationen in Form von Checklisten zur besseren Vorbereitung zusammengestellt. Es ist wichtig, nicht erst, wenn der Krankenwagen da ist, voller Panik s\u00e4mtliche Unterlagen und auch Dinge f\u00fcr den Krankenhausaufenthalt zusammenzusuchen. Besonders gilt dies nat\u00fcrlich f\u00fcr Menschen, die niemanden haben, der es machen k\u00f6nnte und in dem Moment einen freien Kopf h\u00e4tte. Wir m\u00f6chten, dass Sie gut vorbereitet sind und geben Ihnen und Ihren Angeh\u00f6rigen gern Starthilfe. Rufen Sie einfach an oder senden uns eine Mail!<\/p>\n","protected":false},"excerpt":{"rendered":"<p>Vollmacht &#8211; Patientenverf\u00fcgung\u00a0 &#8211; Betreuungsverf\u00fcgung Die Seniorenberatungsstelle hilft Ihnen hier bei Ihren individuellen Fragen, insbesondere zum Thema Vollmacht und Betreuungsverf\u00fcgung weiter. F\u00fcr die Patientenverf\u00fcgung empfehlen wir Ihnen, sich mit einem Arzt Ihres Vertrauens sowie Hospiz- und Palliativeinrichtungen in Verbindung zu setzen. Gern helfen wir Ihnen bei der Suche und sen-den Ihnen bei Bedarf gern Formulare [&hellip;]<\/p>\n","protected":false},"author":1,"featured_media":0,"parent":12,"menu_order":0,"comment_status":"open","ping_status":"open","template":"","meta":{"footnotes":""},"class_list":["post-22","page","type-page","status-publish","hentry"],"_links":{"self":[{"href":"https:\/\/www.seniorenberatungsstelle-vortaunus.de\/index.php?rest_route=\/wp\/v2\/pages\/22","targetHints":{"allow":["GET"]}}],"collection":[{"href":"https:\/\/www.seniorenberatungsstelle-vortaunus.de\/index.php?rest_route=\/wp\/v2\/pages"}],"about":[{"href":"https:\/\/www.seniorenberatungsstelle-vortaunus.de\/index.php?rest_route=\/wp\/v2\/types\/page"}],"author":[{"embeddable":true,"href":"https:\/\/www.seniorenberatungsstelle-vortaunus.de\/index.php?rest_route=\/wp\/v2\/users\/1"}],"replies":[{"embeddable":true,"href":"https:\/\/www.seniorenberatungsstelle-vortaunus.de\/index.php?rest_route=%2Fwp%2Fv2%2Fcomments&post=22"}],"version-history":[{"count":23,"href":"https:\/\/www.seniorenberatungsstelle-vortaunus.de\/index.php?rest_route=\/wp\/v2\/pages\/22\/revisions"}],"predecessor-version":[{"id":1290,"href":"https:\/\/www.seniorenberatungsstelle-vortaunus.de\/index.php?rest_route=\/wp\/v2\/pages\/22\/revisions\/1290"}],"up":[{"embeddable":true,"href":"https:\/\/www.seniorenberatungsstelle-vortaunus.de\/index.php?rest_route=\/wp\/v2\/pages\/12"}],"wp:attachment":[{"href":"https:\/\/www.seniorenberatungsstelle-vortaunus.de\/index.php?rest_route=%2Fwp%2Fv2%2Fmedia&parent=22"}],"curies":[{"name":"wp","href":"https:\/\/api.w.org\/{rel}","templated":true}]}}