{"id":20,"date":"2013-10-24T18:09:18","date_gmt":"2013-10-24T16:09:18","guid":{"rendered":"http:\/\/www.seniorenberatungsstelle-vortaunus.de\/wp\/?page_id=20"},"modified":"2024-10-01T10:28:54","modified_gmt":"2024-10-01T08:28:54","slug":"mobilitaet","status":"publish","type":"page","link":"https:\/\/www.seniorenberatungsstelle-vortaunus.de\/?page_id=20","title":{"rendered":"Mobilit\u00e4t"},"content":{"rendered":"<h2>Mit dem eigenen Pkw<\/h2>\n<p>Allgemeine Informationen zu den Ausweisen und der Antragstellung finden Sie unter:<\/p>\n<p><span style=\"color: #3366ff;\"><a style=\"color: #3366ff;\" href=\"https:\/\/verwaltungsportal.hessen.de\/themen?leistung=L100001%3A%3A8961291&amp;view=leistung\" target=\"_blank\" rel=\"noopener noreferrer\"><strong>www.Verwaltungsportal.hessen.de<\/strong><\/a><\/span><\/p>\n<p><strong>Schwerbehindertenparkplatz &#8211; gr\u00fcner bzw. blauer Parkausweis<br \/>\n<\/strong><\/p>\n<p>Stark Gehbehinderte meist Rollstuhlfahrer (<strong>Merkzeichen aG<\/strong>) haben die M\u00f6glichkeit einen sog. Schwerbehindertenparkplatz zu beantragen.<\/p>\n<hr \/>\n<p><strong>Parkerleichterung &#8211; Oranger Parkausweis<\/strong><\/p>\n<p>Menschen, die nicht im Rollstuhl sitzen, dennoch aufgrund von Behinderungen nachweislich stark eingeschr\u00e4nkt sind &#8211; also das <strong>Merkzeichen G + B + 80-100 <\/strong>besitzen, k\u00f6nnen bei der zust\u00e4ndigen Stra\u00dfenbeh\u00f6rde Ihrer Stadt oder Gemeinde eine Parkerleichterung beantragen. N\u00e4heres hierzu finden Sie unter dem folgenden Stichwort:<\/p>\n<p><a href=\"http:\/\/www.seniorenberatungsstelle-vortaunus.de\/wp-content\/uploads\/2013\/10\/Parkausweis-orange_Mz-GB.pdf\" target=\"_blank\" rel=\"noopener noreferrer\"><span style=\"color: #3366ff;\"><strong>Parkerleichterung &#8211; Parkausweis orange<\/strong><\/span><\/a><\/p>\n<hr \/>\n<h2>Fahrdienste<\/h2>\n<p><strong>Taxianbieter und Pflegedienst f\u00fcr Menschen ohne Geh- oder Sehbehinderung:<\/strong><\/p>\n<p>F\u00fcr Personen ohne Rollstuhl empfehlen wir, ein ganz normales Taxi zu nehmen. Ben\u00f6tigen Sie Kontaktdaten, erhalten Sie diese gern von uns. F\u00fcr eine <strong>Begleitung<\/strong> zum Arzt oder zur Therapie k\u00f6nnen wir Ihnen ebenso M\u00f6glichkeiten erl\u00e4utern.<\/p>\n<p><strong>Krankentransporte f\u00fcr gehbehinderte Menschen mit Rollstuhl oder Rollator:<\/strong><\/p>\n<p>Sie m\u00fcssen zum Arzt oder zur Therapie, wissen aber nicht, wer Sie mit Ihrem Rollstuhl fahren k\u00f6nnte? Allgemeine Informationen zu Krankenfahrdiensten finden Sie unter: <span style=\"color: #3366ff;\"><a style=\"color: #3366ff;\" href=\"https:\/\/verwaltungsportal.hessen.de\/themen?leistung=L100001%3A%3A8975375&amp;ort=064360001001&amp;view=leistung\" target=\"_blank\" rel=\"noopener noreferrer\"><strong>www.verwaltungsportal.hessen.de<\/strong><\/a>. <\/span><span style=\"color: #000000;\">Bez\u00fcglich der Kontakte fragen Sie gern uns <\/span><span style=\"color: #3366ff;\"><span style=\"color: #000000;\">Seniorenberater.<\/span><\/span><\/p>\n<p><strong>Fahrdienste f\u00fcr Menschen mit geringem Einkommen + Merkzeichen aG im Schwerbehindertenausweis<br \/>\n<\/strong><\/p>\n<p>N\u00e4here Informationen zu den 4 kostenfreien Fahrten pro Monat finden Sie <a href=\"https:\/\/verwaltungsportal.hessen.de\/dienststellen?org=L100001%3A%3A9791812&amp;view=org\" target=\"_blank\" rel=\"noopener noreferrer\"><span style=\"color: #3366ff;\"><strong>hier:<\/strong><\/span>\u00a0<\/a><br \/>\nDem Antrag sind ein Passbild sowie Nachweise \u00fcber das Einkommen und Verm\u00f6gen beizuf\u00fcgen.<\/p>\n<p>&nbsp;<\/p>\n<hr \/>\n<h2>Fahrdienst f\u00fcr Sehgesch\u00e4digte<\/h2>\n<h3><span style=\"color: #000000;\">Kostenloser Fahr- und Begleitservice f\u00fcr Sehgesch\u00e4digte und Blinde im Rhein-Main-Gebiet<\/span><\/h3>\n<p>Reservierung: <span style=\"color: #3366ff;\"><a style=\"color: #3366ff;\" href=\"https:\/\/blindenfreunde.de\/media\/pdf\/Fahrdienstflyer\/Fahrdienstflyer_RheinMain_RZ_Web.pdf\" target=\"_blank\" rel=\"noopener noreferrer\">www.blindenfreunde.de<\/a><\/span><\/p>\n<hr \/>\n<h2>Angebote und Services f\u00fcr mobilit\u00e4tseingeschr\u00e4nkte Reisende<\/h2>\n<p><a href=\"https:\/\/www.vgf-ffm.de\/de\/service\/service-fuer-fahrgaste\/mobilitat-fuer-alle\/fahrgastbegleitung\/\" target=\"_blank\" rel=\"noopener\">Frankfurter Fahrgastbegleitung<\/a> f\u00fcr Senior:innen und mobilit\u00e4ts- und seheingeschr\u00e4nkte Menschen: <strong><a href=\"https:\/\/www.vgf-ffm.de\/de\/service\/service-fuer-fahrgaste\/mobilitat-fuer-alle\/fahrgastbegleitung\/\" target=\"_blank\" rel=\"noopener\">hier<\/a><\/strong><\/p>\n<p>Antrag f\u00fcr <a href=\"https:\/\/www.bad-soden.de\/buergerservice\/leistungen\/HES:entry:2257\/kostenlose-behindertenfahrten-des-mtv\/\" target=\"_blank\" rel=\"noopener\">4 bezuschusste Fahrten pro Jahr zum Arzt<\/a> f\u00fcr Personen mit Schwerbehinderung und Merkzeichen aG und geringem Einkommen:<strong><a href=\"https:\/\/www.bad-soden.de\/buergerservice\/leistungen\/HES:entry:2257\/kostenlose-behindertenfahrten-des-mtv\/\"> hier<\/a><\/strong><\/p>\n<p>\u00d6PNV-Mobilit\u00e4tsportal f\u00fcr Behinderte: <a href=\"https:\/\/www.oepnv-info.de\/\" target=\"_blank\" rel=\"noopener noreferrer\"><strong>www.mobilitaetsportal.info<\/strong><\/a><\/p>\n<hr \/>\n<h2>\u00d6ffentlicher Nahverkehr<\/h2>\n<h3>F\u00fcr mobile Grundsicherungsempf\u00e4nger:innen:<\/h3>\n<p>Hessenpass mobil f\u00fcr 31 \u20ac\u00a0 deutschlandweit: <strong><span style=\"color: #0000ff;\"><a style=\"color: #0000ff;\" href=\"https:\/\/sites.rmv.de\/de\/hessenpass-mobil\" target=\"_blank\" rel=\"noopener\">Deutschlandticket_Hessenpass<\/a><\/span><\/strong><\/p>\n<hr \/>\n<h2>Mobil in den eigenen vier W\u00e4nden<\/h2>\n<p>Hilfreiches Internetportal: <strong><span style=\"color: #3366ff;\"><a style=\"color: #3366ff;\" href=\"http:\/\/www.online-wohn-beratung.de\" target=\"_blank\" rel=\"noopener noreferrer\">www.online-wohn-beratung.de <\/a><\/span><\/strong><\/p>\n","protected":false},"excerpt":{"rendered":"<p>Mit dem eigenen Pkw Allgemeine Informationen zu den Ausweisen und der Antragstellung finden Sie unter: www.Verwaltungsportal.hessen.de Schwerbehindertenparkplatz &#8211; gr\u00fcner bzw. blauer Parkausweis Stark Gehbehinderte meist Rollstuhlfahrer (Merkzeichen aG) haben die M\u00f6glichkeit einen sog. Schwerbehindertenparkplatz zu beantragen. Parkerleichterung &#8211; Oranger Parkausweis Menschen, die nicht im Rollstuhl sitzen, dennoch aufgrund von Behinderungen nachweislich stark eingeschr\u00e4nkt sind &#8211; [&hellip;]<\/p>\n","protected":false},"author":1,"featured_media":0,"parent":12,"menu_order":0,"comment_status":"open","ping_status":"open","template":"","meta":{"footnotes":""},"class_list":["post-20","page","type-page","status-publish","hentry"],"_links":{"self":[{"href":"https:\/\/www.seniorenberatungsstelle-vortaunus.de\/index.php?rest_route=\/wp\/v2\/pages\/20","targetHints":{"allow":["GET"]}}],"collection":[{"href":"https:\/\/www.seniorenberatungsstelle-vortaunus.de\/index.php?rest_route=\/wp\/v2\/pages"}],"about":[{"href":"https:\/\/www.seniorenberatungsstelle-vortaunus.de\/index.php?rest_route=\/wp\/v2\/types\/page"}],"author":[{"embeddable":true,"href":"https:\/\/www.seniorenberatungsstelle-vortaunus.de\/index.php?rest_route=\/wp\/v2\/users\/1"}],"replies":[{"embeddable":true,"href":"https:\/\/www.seniorenberatungsstelle-vortaunus.de\/index.php?rest_route=%2Fwp%2Fv2%2Fcomments&post=20"}],"version-history":[{"count":68,"href":"https:\/\/www.seniorenberatungsstelle-vortaunus.de\/index.php?rest_route=\/wp\/v2\/pages\/20\/revisions"}],"predecessor-version":[{"id":1289,"href":"https:\/\/www.seniorenberatungsstelle-vortaunus.de\/index.php?rest_route=\/wp\/v2\/pages\/20\/revisions\/1289"}],"up":[{"embeddable":true,"href":"https:\/\/www.seniorenberatungsstelle-vortaunus.de\/index.php?rest_route=\/wp\/v2\/pages\/12"}],"wp:attachment":[{"href":"https:\/\/www.seniorenberatungsstelle-vortaunus.de\/index.php?rest_route=%2Fwp%2Fv2%2Fmedia&parent=20"}],"curies":[{"name":"wp","href":"https:\/\/api.w.org\/{rel}","templated":true}]}}