{"id":16,"date":"2013-10-24T18:08:58","date_gmt":"2013-10-24T16:08:58","guid":{"rendered":"http:\/\/www.seniorenberatungsstelle-vortaunus.de\/wp\/?page_id=16"},"modified":"2024-10-01T09:57:00","modified_gmt":"2024-10-01T07:57:00","slug":"finanzielle-hilfen","status":"publish","type":"page","link":"https:\/\/www.seniorenberatungsstelle-vortaunus.de\/?page_id=16","title":{"rendered":"Finanzielle Hilfen"},"content":{"rendered":"<h2><strong>Grundsicherung\/ Sozialhilfe<\/strong><\/h2>\r\n<p>Wenn Sie denken, sich die Pflege oder die Wohnung nicht leisten zu k\u00f6nnen, beraten wir Sie gern \u00fcber m\u00f6gliche Hilfen, wie z.B.:<\/p>\r\n<p><span style=\"color: #3366ff;\"><span style=\"color: #000000;\">Grundsicherung im Alter und bei Erwerbsminderung<\/span><\/span>: <span style=\"color: #3366ff;\"><a style=\"color: #3366ff;\" href=\"https:\/\/www.bmas.de\/DE\/Soziales\/Sozialhilfe\/Grundsicherung-im-Alter-und-bei-Erwerbsminderung\/grundsicherung-im-alter-und-bei-erwerbsminderung.html\" target=\"_blank\" rel=\"noopener noreferrer\">http:\/\/www.bmas.de<\/a><\/span><\/p>\r\n<h2><strong>Wohngeld<\/strong><\/h2>\r\n<p>n\u00e4here Infos <a href=\"https:\/\/www.mtk.org\/Leistungen-19.htm?pstid=8967519\" target=\"_blank\" rel=\"noopener noreferrer\"><span style=\"color: #3366ff;\">hier:<\/span><\/a><\/p>\r\n<p>Den <a href=\"https:\/\/www.mtk.org\/Formulare-A-Z-4493.htm?alpha=W\" target=\"_blank\" rel=\"noopener noreferrer\"><span style=\"color: #3366ff;\">Antrag<\/span><\/a> f\u00fcllen Sie bitte aus und senden diesen an den:<\/p>\r\n<p>Kreisausschuss des Main-Taunus-Kreises<br \/>Sozialamt<br \/>Wohngeldbeh\u00f6rde<br \/>Am Kreishaus 1-5<br \/>65719 Hofheim am Taunus<\/p>\r\n<h2><strong>Hilfe zur Pflege &#8211; wenn der Pflegegrad + die Rente nicht reichen<\/strong><span style=\"color: #3366ff;\"><span style=\"color: #000000;\"><br \/><\/span><\/span><\/h2>\r\n<p>Manchmal entspricht der aktuelle Pflegegrad nicht dem akut erh\u00f6hten Pflegeaufwand. Hier kann man mit geringer Rente oder als Grundsicherungsempf\u00e4nger Leistungen vom Sozialamt beantragen, bis eine h\u00f6here Einstufung erfolgt ist. N\u00e4here Infos vom Main-Taunus-Kreis finden Sie <a href=\"https:\/\/www.mtk.org\/Leistungen-19.htm?pstid=8960988\" target=\"_blank\" rel=\"noopener noreferrer\"><span style=\"color: #3366ff;\">hier: <\/span><\/a><\/p>\r\n<p>Das spendenfinanzierte Wissensportal <em>betanet<\/em> hat hierzu einige Informationen zusammengestellt: Download <a href=\"http:\/\/www.seniorenberatungsstelle-vortaunus.de\/wp-content\/uploads\/2020\/04\/Hilfe-zur-Pflege_\u00dcberblick.pdf\" target=\"_blank\" rel=\"noopener noreferrer\"><span style=\"color: #3366ff;\">hier:<\/span><\/a><\/p>\r\n<h2><strong>Immobilienverrentung<\/strong><\/h2>\r\n<p>Eine weitere M\u00f6glichkeit, Ihre Rente durch den zeitversetzten Verkauf Ihrer Immobilie zu erh\u00f6hen sind M\u00f6glichkeiten wie die Leibrente oder die Umkehrhypothek. Um einen \u00dcberblick \u00fcber die M\u00f6glichkeiten zu erhalten, k\u00f6nnen Sie dies allgemein bei Wikipedia finden oder auf den einschl\u00e4gigen Seiten der Immobilienmakler vor Ort.<\/p>\r\n<h2><strong>Leistungen der Pflegeversicherung<\/strong><\/h2>\r\n<p>Bei uns erhalten Sie grunds\u00e4tzliche Informationen rund um die Leistungen der Pflegekasse, z.B.<\/p>\r\n<p>&#8211; Geldleistungen (Pflege durch Angeh\u00f6rige erbracht) <br \/>&#8211; Sach- (Pflege durch Pflegedienst erbracht) bzw. Kombileistungen (Pflegedienst und Restauszahlung)<br \/>&#8211; Pflegehilfsmittel<\/p>\r\n<p>Um sich optimal auf die Begutachtung f\u00fcr den Pflegegrad vorzubereiten, ist es ratsam, ein Pflegetagebuch zu f\u00fchren. Die Pflegetageb\u00fccher\u00a0 dieser Verb\u00e4nde\/ Kassen fanden wir Seniorenberater hilfreich:<\/p>\r\n<ul>\r\n<li><span style=\"color: #0000ff;\"><a style=\"color: #0000ff;\" href=\"http:\/\/www.seniorenberatungsstelle-vortaunus.de\/wp-content\/uploads\/2020\/04\/BEK-Pflegebegutachtung-Wie-bereite-ich-mich-vor-201901.pdf\" target=\"_blank\" rel=\"noopener noreferrer\">BARMER<\/a><\/span><\/li>\r\n<li><span style=\"color: #0000ff;\"><a style=\"color: #0000ff;\" href=\"http:\/\/www.seniorenberatungsstelle-vortaunus.de\/wp-content\/uploads\/2020\/04\/Pflegetagebuch_ausf\u00fchrliche-Infos-Sozialverband-Deutschland.pdf\" target=\"_blank\" rel=\"noopener noreferrer\">Sozialverband Deutschland<\/a><\/span><\/li>\r\n<li><span style=\"color: #0000ff;\"><a style=\"color: #0000ff;\" href=\"http:\/\/www.seniorenberatungsstelle-vortaunus.de\/wp-content\/uploads\/2020\/04\/VdK-Selbsteinschaetzungsbogen_Pflegegrad-2017.pdf\" target=\"_blank\" rel=\"noopener noreferrer\">VdK<\/a><\/span><\/li>\r\n<li><a href=\"http:\/\/www.seniorenberatungsstelle-vortaunus.de\/wp-content\/uploads\/2020\/04\/Pflegetagebuch_Vorlage-2019.pdf\" target=\"_blank\" rel=\"noopener noreferrer\"><span style=\"color: #0000ff;\">Wohnen im Alter<\/span><\/a><\/li>\r\n<\/ul>\r\n<p>&nbsp;<\/p>\r\n<p><strong>Pflegeleistungshelfer des Bundesministeriums f\u00fcr Gesundheit<\/strong>:<br \/><a href=\"https:\/\/www.bundesgesundheitsministerium.de\/service\/publikationen\/pflege.html\" target=\"_blank\" rel=\"noopener noreferrer\"><span style=\"color: #0000ff;\">hier<\/span><\/a> finden Sie Ihre individuellen Leistungen sowie n\u00e4heres zur Antragstellung (<a href=\"https:\/\/www.bundesgesundheitsministerium.de\/pflegegrade.html\" target=\"_blank\" rel=\"noopener noreferrer\"><span style=\"color: #3366ff;\">www.bundesgesundheitsministerium.de)<\/span><\/a><\/p>\r\n<p><span style=\"color: #3366ff;\">\u00a0<\/span><\/p>\r\n<hr \/>\r\n<h2><strong>Leistungen der Krankenversicherung<\/strong><\/h2>\r\n<p><strong>Hilfsmittel:<\/strong><\/p>\r\n<p>Krankenkassen \u00fcbernehmen die Kosten f\u00fcr bestimmte Hilfsmittel. Sollten sich Ihre Angeh\u00f6rigen gerade im Krankenhaus oder in der Reha befinden und brauchen danach z.B. Hilfsmittel, sollte der dortige Sozialdienst bzw. die Pflegestation diese anordnen. Manchmal wird auch w\u00e4hrend eines Pflegegutachtens der Bedarf noch genauer festgestellt und verordnet. Wenn dies medizinisch notwendig ist, stellt jeder Arzt Ihnen eine Verordnung aus, mit welcher Sie dann i.d.R. in ein Sanit\u00e4tshaus gehen. Vorher ben\u00f6tigen Sie jedoch die Information Ihrer Krankenkasse, mit welchen H\u00e4usern sie Vertr\u00e4ge abgeschlossen hat. Einen \u00dcberblick \u00fcber diverse Hilfsmittel bietet Ihnen die Seite <strong><span style=\"color: #3366ff;\"><a style=\"color: #3366ff;\" href=\"https:\/\/www.online-wohn-beratung.de\/finanzielle-hilfen-kostenuebernahme\/tipps-zur-versorgung-mit-hilfsmitteln-ueber-die-kranken-und-pflegekassen\/\" target=\"_blank\" rel=\"noopener noreferrer\">Online-Wohnberatung.de<\/a><\/span><\/strong><\/p>\r\n<p><span style=\"color: #3366ff;\"><strong><span style=\"color: #000000;\">Befreiung von Zuzahlungen:<\/span><\/strong><\/span><\/p>\r\n<p>Krankenkassen erstatten Ihnen zu viel gezahlte Zuzahlungen zu Medikamenten, Heil- und Hilfsmitteln und z.B. Ihre Krankenhauszuzahlung (10\u00a0 \u20ac pro Tag) in bestimmten F\u00e4llen zur\u00fcck. Wir beraten Sie gern, ob es sich f\u00fcr Sie lohnt, einen Antrag zu stellen und wie Sie sich zuk\u00fcnftig die Arbeit erleichtern k\u00f6nnen. Eine gute Informationsquelle ist oft auch die Internetseite Ihrer Krankenkasse.<\/p>\r\n<p><span style=\"color: #3366ff;\"><strong><span style=\"color: #000000;\">Fahrkosten:<\/span><\/strong><\/span><\/p>\r\n<p>Fahrkosten k\u00f6nnen unter Umst\u00e4nden, z.B. bei station\u00e4ren Aufenthalten oder Dialyse und Chemotherapie durch die Kasse \u00fcbernommen werden. Wichtig daf\u00fcr ist jedoch eine Verordnung vom Arzt oder Krankenhaus. Die Seniorenberatungsstelle kann Ihnen auch in diesem Bereich gern mit Informationen weiterhelfen bzw. bereits vorher sagen, ob sich es sich lohnen k\u00f6nnte, sich eine Verordnung ausstellen zu lassen. Weiterf\u00fchrende Infos zum Thema finden Sie beim Unterthema <span style=\"color: #3366ff;\"><strong><a style=\"color: #3366ff;\" href=\"http:\/\/www.seniorenberatungsstelle-vortaunus.de\/?page_id=20\" target=\"_blank\" rel=\"noopener noreferrer\">Mobilit\u00e4t<\/a><\/strong><\/span>.<\/p>\r\n<hr \/>\r\n<h2><strong>Leistungen bei Schwerbehinderung<\/strong><\/h2>\r\n<p>Durch den Besitz eines Schwerbehindertenausweises erh\u00e4lt man einige Sonderrechte und, sofern verschiedene Merkzeichen vorhanden sind, so genannte Nachteilsausgleiche. Das sind beispielsweise steuerliche Verg\u00fcnstigungen, freie Fahrten im \u00f6ffentlichen Nahverkehr und mehr.<\/p>\r\n<h4><span style=\"color: #3366ff;\"><span style=\"color: #000000;\"><strong>Antragsformulare vom Hessischen Versorgungsamt Wiesbaden (n\u00e4here Infos <a href=\"https:\/\/rp-giessen.hessen.de\/schwerbehindertenrecht-antr%C3%A4ge-und-infomaterial\" target=\"_blank\" rel=\"noopener noreferrer\"><span style=\"color: #3366ff;\">hier:<\/span><\/a>)<\/strong> <\/span><\/span><\/h4>\r\n<p>Um Ihre Chancen auf die f\u00fcr Sie pers\u00f6nlich passende Einsch\u00e4tzung zu erh\u00f6hen und um Zeit zu sparen, empfehlen wir Ihnen, sich vor Beginn der Antragstellung mit unserer Beratungsstelle in Verbindung zu setzen. Manchmal kann es sogar ung\u00fcnstig f\u00fcr Sie ausfallen, wenn Sie eine Erh\u00f6hung oder Erweiterung beantragen. Manchmal werden schlicht durch den Ausweis nicht die Bedarfe gedeckt, die Sie durch andere Leistungen erhalten k\u00f6nnten. Wir unterst\u00fctzen Sie hier gern.<br \/><br \/>Weitergehende Informationen rund um den Ausweis im allgemeinen finden Sie auf der Seite<span style=\"color: #3366ff;\"><span style=\"color: #000000;\">:<\/span> <a style=\"color: #3366ff;\" href=\"http:\/\/www.myhandicap.de\/schwerbehindertenausweis.html\" target=\"_blank\" rel=\"noopener noreferrer\">https:\/\/www.enableme.de<\/a><\/span><br \/><br \/><\/p>\r\n<p><strong>Informationen zu den einzelnen Merkzeichen (Buchstaben) sowie Verg\u00fcnstigungen:<\/strong> <a href=\"https:\/\/www.enableme.de\/de\/themen\/der-schwerbehindertenausweis-3302\" target=\"_blank\" rel=\"noopener noreferrer\"><span style=\"color: #3366ff;\">www.enableme.de<\/span><\/a><\/p>\r\n<hr \/>\r\n<p><span style=\"color: #3366ff;\"><strong><span style=\"color: #000000;\">Blindengeld:<\/span><\/strong> <a style=\"color: #3366ff;\" href=\"https:\/\/www.lwv-hessen.de\/leben-wohnen\/leben-mit-blindheitgehoerlosigkeit\/blindengeld\/\" target=\"_blank\" rel=\"noopener noreferrer\">www.lwv-hessen.de<\/a><\/span><\/p>\r\n<p>Blindengeld nach dem Hessischen Landesblindengeldgesetz (LBliGG) ist eine einkommens- und verm\u00f6gensunabh\u00e4ngige Leistung. Diese wird vom Landeswohlfahrtsverband Hessen (LWV) im Auftrag des Landes Hessen auf Antrag blinden Menschen und Menschen mit einer hochgradigen Sehbehinderung bewilligt.<\/p>\r\n<p>Die Bearbeitung der Antr\u00e4ge erfolgt zentral f\u00fcr Hessen durch:<br \/>LWV Hessen<br \/>Regionalmanagement f\u00fcr blinde Menschen und schwer sehgesch\u00e4digte Menschen<br \/>K\u00f6lnische Str. 30<br \/>34117 Kassel<\/p>\r\n<p><span style=\"color: #3366ff;\"><strong><span style=\"color: #000000;\">Formulare Blindengeld LWV Hessen:<\/span><\/strong><a style=\"color: #3366ff;\" href=\"https:\/\/www.lwv-hessen.de\/service\/formulare\/10-blindengeld\/\" target=\"_blank\" rel=\"noopener noreferrer\"> www.lwv-hessen.de<\/a><\/span><\/p>\r\n<p>Das Blindengeld ist eine monatlich im Voraus bewilligte Geldleistung, die es blinden bzw. sehbehinderten Menschen erm\u00f6glichen soll, trotz der visuellen Einschr\u00e4nkungen am t\u00e4glichen Leben teilzunehmen. Diese blindheitsbedingten Mehraufwendungen sollen mit dem pauschalierten Blindengeld abgedeckt werden. In Frage kommen z. B. Kosten f\u00fcr eine Begleitperson oder f\u00fcr Personen, die dem blinden bzw. sehbehinderten Menschen wegen seiner Sehminderung behilflich sind, erh\u00f6hter Fahrtkostenbedarf (Taxi), Kosten f\u00fcr den Zugang zu Medien durch spezielle Blindenzeitschriften, H\u00f6rb\u00fccher und Tonbandkassetten.<\/p>\r\n<hr \/>\r\n<p><strong>Verwaltungsportal Hessen &#8211; unter anderem f\u00fcr Steuerfragen<br \/><a href=\"https:\/\/service.hessen.de\/html\/Servicehotline.htm\"><span style=\"color: #3366ff;\">https:\/\/service.hessen.de\/html\/Servicehotline.htm<\/span><\/a><br \/><\/strong><\/p>\r\n<p><strong><span style=\"color: #ff0000;\">Telefon kostenfrei: 0800 5225335<br \/><\/span><\/strong><strong>montags bis freitags von 8 bis 18 Uhr<br \/><\/strong><\/p>\r\n<p><strong>Auf folgende Fragen (+weitere) finden Sie <span style=\"color: #0000ff;\"><a style=\"color: #0000ff;\" href=\"https:\/\/service.hessen.de\/html\/Servicehotline.htm\" target=\"_blank\" rel=\"noopener noreferrer\">hier<\/a><\/span> die Antworten:<\/strong><\/p>\r\n<ul>\r\n<li>allgemeine Fragen zu steuerlichen Themen von A \u2013 Z: Von Abgabefristen bis zur Zust\u00e4ndigkeit der Finanz\u00e4mter<\/li>\r\n<li>Fragen rund um die elektronische Steuererkl\u00e4rung (ELSTER)<\/li>\r\n<li>alles zu den Lohnsteuerabzugsmerkmalen (ELStAM), z.B. Steuerklassenwechsel, Kinder und Kirchensteuer, sowie Hilfe bei Problemen mit dem Lohnsteuerabzug<\/li>\r\n<li>Ihre Fragen zu haushaltsnahen Dienstleistungen und Besch\u00e4ftigungsverh\u00e4ltnissen, sowie Handwerkerleistungen<\/li>\r\n<li>alles rund um die Themen Schenkung und Erbschaft<\/li>\r\n<li>allgemeine Fragen zur Besteuerung von Renten<\/li>\r\n<li>Fragen zur Vereinsbesteuerung und zum Ehrenamt&#8230;<\/li>\r\n<\/ul>\r\n<p>&nbsp;<\/p>\r\n<hr \/>\r\n\r\n\r\n\r\n","protected":false},"excerpt":{"rendered":"<p>Grundsicherung\/ Sozialhilfe Wenn Sie denken, sich die Pflege oder die Wohnung nicht leisten zu k\u00f6nnen, beraten wir Sie gern \u00fcber m\u00f6gliche Hilfen, wie z.B.: Grundsicherung im Alter und bei Erwerbsminderung: http:\/\/www.bmas.de Wohngeld n\u00e4here Infos hier: Den Antrag f\u00fcllen Sie bitte aus und senden diesen an den: Kreisausschuss des Main-Taunus-KreisesSozialamtWohngeldbeh\u00f6rdeAm Kreishaus 1-565719 Hofheim am Taunus Hilfe [&hellip;]<\/p>\n","protected":false},"author":1,"featured_media":0,"parent":12,"menu_order":0,"comment_status":"open","ping_status":"open","template":"","meta":{"footnotes":""},"class_list":["post-16","page","type-page","status-publish","hentry"],"_links":{"self":[{"href":"https:\/\/www.seniorenberatungsstelle-vortaunus.de\/index.php?rest_route=\/wp\/v2\/pages\/16","targetHints":{"allow":["GET"]}}],"collection":[{"href":"https:\/\/www.seniorenberatungsstelle-vortaunus.de\/index.php?rest_route=\/wp\/v2\/pages"}],"about":[{"href":"https:\/\/www.seniorenberatungsstelle-vortaunus.de\/index.php?rest_route=\/wp\/v2\/types\/page"}],"author":[{"embeddable":true,"href":"https:\/\/www.seniorenberatungsstelle-vortaunus.de\/index.php?rest_route=\/wp\/v2\/users\/1"}],"replies":[{"embeddable":true,"href":"https:\/\/www.seniorenberatungsstelle-vortaunus.de\/index.php?rest_route=%2Fwp%2Fv2%2Fcomments&post=16"}],"version-history":[{"count":119,"href":"https:\/\/www.seniorenberatungsstelle-vortaunus.de\/index.php?rest_route=\/wp\/v2\/pages\/16\/revisions"}],"predecessor-version":[{"id":1280,"href":"https:\/\/www.seniorenberatungsstelle-vortaunus.de\/index.php?rest_route=\/wp\/v2\/pages\/16\/revisions\/1280"}],"up":[{"embeddable":true,"href":"https:\/\/www.seniorenberatungsstelle-vortaunus.de\/index.php?rest_route=\/wp\/v2\/pages\/12"}],"wp:attachment":[{"href":"https:\/\/www.seniorenberatungsstelle-vortaunus.de\/index.php?rest_route=%2Fwp%2Fv2%2Fmedia&parent=16"}],"curies":[{"name":"wp","href":"https:\/\/api.w.org\/{rel}","templated":true}]}}