{"id":14,"date":"2013-10-24T18:08:35","date_gmt":"2013-10-24T16:08:35","guid":{"rendered":"http:\/\/www.seniorenberatungsstelle-vortaunus.de\/wp\/?page_id=14"},"modified":"2018-11-08T12:38:24","modified_gmt":"2018-11-08T10:38:24","slug":"beratung","status":"publish","type":"page","link":"https:\/\/www.seniorenberatungsstelle-vortaunus.de\/?page_id=14","title":{"rendered":"Was wir tun"},"content":{"rendered":"<h2>Vorgehensweise<\/h2>\n<ul>\n<li>Wir verstehen uns als erste Anlaufstelle f\u00fcr Seniorinnen und Senioren sowie die Angeh\u00f6rigen in s\u00e4mtlichen Fragen des Lebens.<\/li>\n<li>Wir verschaffen uns durch Gespr\u00e4che und Hausbesuche einen Einblick in Ihre Situation und leiten in der Regel erste Hilfeleistungen mit Ihnen zusammen ein.<\/li>\n<li>Wir begleiten Sie auf Wunsch eine gewisse Zeit, bis Sie wieder selbstst\u00e4ndig oder durch andere Dienstleister Ihr Leben regeln k\u00f6nnen.<\/li>\n<li>Wir halten f\u00fcr Sie s\u00e4mtliche Kontaktadressen von Hilfsdiensten, Beh\u00f6rden und anderen Anlaufstellen auf dem aktuellen Stand und reichen diese auf Wunsch gern an Sie weiter.<\/li>\n<li>Es findet eine enge Zusammenarbeit mit der B\u00fcrgerhilfe Bad Soden statt, die unsere Arbeit durch ehrenamtliche Helfer gut erg\u00e4nzt.<br \/>\nHinweise zur Arbeit der B\u00fcrgerhilfe und den Kontaktdaten finden sie unter: <a href=\"http:\/\/www.seniorenberatungsstelle-vortaunus.de\/wp-content\/uploads\/2018\/11\/B\u00fcrgerhilfe-Bad-Soden-Imagetext-7.11.2018.pdf\" target=\"_blank\" rel=\"noopener\"><span style=\"color: #3366ff;\"><strong>B\u00fcrgerhilfe Bad Soden<\/strong><\/span><\/a><\/li>\n<\/ul>\n","protected":false},"excerpt":{"rendered":"<p>Vorgehensweise Wir verstehen uns als erste Anlaufstelle f\u00fcr Seniorinnen und Senioren sowie die Angeh\u00f6rigen in s\u00e4mtlichen Fragen des Lebens. Wir verschaffen uns durch Gespr\u00e4che und Hausbesuche einen Einblick in Ihre Situation und leiten in der Regel erste Hilfeleistungen mit Ihnen zusammen ein. Wir begleiten Sie auf Wunsch eine gewisse Zeit, bis Sie wieder selbstst\u00e4ndig oder [&hellip;]<\/p>\n","protected":false},"author":1,"featured_media":0,"parent":0,"menu_order":0,"comment_status":"open","ping_status":"open","template":"","meta":{"footnotes":""},"class_list":["post-14","page","type-page","status-publish","hentry"],"_links":{"self":[{"href":"https:\/\/www.seniorenberatungsstelle-vortaunus.de\/index.php?rest_route=\/wp\/v2\/pages\/14","targetHints":{"allow":["GET"]}}],"collection":[{"href":"https:\/\/www.seniorenberatungsstelle-vortaunus.de\/index.php?rest_route=\/wp\/v2\/pages"}],"about":[{"href":"https:\/\/www.seniorenberatungsstelle-vortaunus.de\/index.php?rest_route=\/wp\/v2\/types\/page"}],"author":[{"embeddable":true,"href":"https:\/\/www.seniorenberatungsstelle-vortaunus.de\/index.php?rest_route=\/wp\/v2\/users\/1"}],"replies":[{"embeddable":true,"href":"https:\/\/www.seniorenberatungsstelle-vortaunus.de\/index.php?rest_route=%2Fwp%2Fv2%2Fcomments&post=14"}],"version-history":[{"count":13,"href":"https:\/\/www.seniorenberatungsstelle-vortaunus.de\/index.php?rest_route=\/wp\/v2\/pages\/14\/revisions"}],"predecessor-version":[{"id":748,"href":"https:\/\/www.seniorenberatungsstelle-vortaunus.de\/index.php?rest_route=\/wp\/v2\/pages\/14\/revisions\/748"}],"wp:attachment":[{"href":"https:\/\/www.seniorenberatungsstelle-vortaunus.de\/index.php?rest_route=%2Fwp%2Fv2%2Fmedia&parent=14"}],"curies":[{"name":"wp","href":"https:\/\/api.w.org\/{rel}","templated":true}]}}